{"id":82,"date":"2024-02-01T13:47:48","date_gmt":"2024-02-01T13:47:48","guid":{"rendered":"https:\/\/lapiccenterpr.com\/lapiccenterpr\/?page_id=82"},"modified":"2025-09-30T15:40:37","modified_gmt":"2025-09-30T15:40:37","slug":"terapia-no-invasiva","status":"publish","type":"page","link":"https:\/\/lapiccenterpr.com\/en\/terapia-no-invasiva\/","title":{"rendered":"NONINVASIVE THERAPY"},"content":{"rendered":"<div data-elementor-type=\"wp-page\" data-elementor-id=\"82\" class=\"elementor elementor-82\" data-elementor-settings=\"{&quot;ha_cmc_init_switcher&quot;:&quot;no&quot;}\">\n\t\t\t\t<div class=\"elementor-element elementor-element-061704d e-flex e-con-boxed elementor-invisible e-con e-parent\" data-id=\"061704d\" data-element_type=\"container\" data-e-type=\"container\" data-settings=\"{&quot;background_background&quot;:&quot;classic&quot;,&quot;jet_parallax_layout_list&quot;:[],&quot;animation&quot;:&quot;fadeIn&quot;,&quot;_ha_eqh_enable&quot;:false}\">\n\t\t\t\t\t<div class=\"e-con-inner\">\n\t\t\t\t<div class=\"elementor-element elementor-element-3a2fd85 elementor-widget__width-initial elementor-widget elementor-widget-heading\" data-id=\"3a2fd85\" data-element_type=\"widget\" data-e-type=\"widget\" data-widget_type=\"heading.default\">\n\t\t\t\t<div class=\"elementor-widget-container\">\n\t\t\t\t\t<h2 class=\"elementor-heading-title elementor-size-default\">DO YOU SUFFER FROM SEVERE PAIN?<\/h2>\t\t\t\t<\/div>\n\t\t\t\t<\/div>\n\t\t\t\t<div class=\"elementor-element elementor-element-bee0137 elementor-widget elementor-widget-heading\" data-id=\"bee0137\" data-element_type=\"widget\" data-e-type=\"widget\" data-widget_type=\"heading.default\">\n\t\t\t\t<div class=\"elementor-widget-container\">\n\t\t\t\t\t<h1 class=\"elementor-heading-title elementor-size-default\">LEARN ABOUT OUR NON-INVASIVE THERAPY AT LAPIC<\/h1>\t\t\t\t<\/div>\n\t\t\t\t<\/div>\n\t\t\t\t<div class=\"elementor-element elementor-element-695df5d pa-icon-pos-before premium-lq__none elementor-widget elementor-widget-premium-addon-button\" data-id=\"695df5d\" data-element_type=\"widget\" data-e-type=\"widget\" data-widget_type=\"premium-addon-button.default\">\n\t\t\t\t<div class=\"elementor-widget-container\">\n\t\t\t\t\t\n\n\t\t<a class=\"premium-button premium-button-none premium-btn-lg premium-button-none\" href=\"https:\/\/lapiccenterpr.com\/en\/contacto\/\">\n\t\t\t<div class=\"premium-button-text-icon-wrapper\">\n\t\t\t\t\n\t\t\t\t\t\t\t\t\t\t\t\t\t\t\t\t\t\t\t\t\t\t\t\t\t\t\t\t\t\t\t\t\t\n\t\t\t\t\t\t\t\t\t<span >\n\t\t\t\t\t\t Make Your Appointment\t\t\t\t\t<\/span>\n\t\t\t\t\t\t\t<\/div>\n\n\t\t\t\n\t\t\t\n\t\t\t\n\t\t<\/a>\n\n\n\t\t\t\t\t\t<\/div>\n\t\t\t\t<\/div>\n\t\t\t\t\t<\/div>\n\t\t\t\t<\/div>\n\t\t<div class=\"elementor-element elementor-element-cd12447 e-con-full e-flex elementor-invisible e-con e-parent\" data-id=\"cd12447\" data-element_type=\"container\" data-e-type=\"container\" data-settings=\"{&quot;jet_parallax_layout_list&quot;:[],&quot;animation&quot;:&quot;fadeIn&quot;,&quot;_ha_eqh_enable&quot;:false}\">\n\t\t<div class=\"elementor-element elementor-element-7693528 e-con-full e-flex e-con e-child\" data-id=\"7693528\" data-element_type=\"container\" data-e-type=\"container\" data-settings=\"{&quot;jet_parallax_layout_list&quot;:[],&quot;_ha_eqh_enable&quot;:false}\">\n\t\t<div class=\"elementor-element elementor-element-9817e04 e-flex e-con-boxed e-con e-child\" data-id=\"9817e04\" data-element_type=\"container\" data-e-type=\"container\" data-settings=\"{&quot;jet_parallax_layout_list&quot;:[],&quot;_ha_eqh_enable&quot;:false}\">\n\t\t\t\t\t<div class=\"e-con-inner\">\n\t\t\t\t<div class=\"elementor-element elementor-element-f094f63 elementor-widget__width-inherit elementor-widget elementor-widget-heading\" data-id=\"f094f63\" data-element_type=\"widget\" data-e-type=\"widget\" data-widget_type=\"heading.default\">\n\t\t\t\t<div class=\"elementor-widget-container\">\n\t\t\t\t\t<h2 class=\"elementor-heading-title elementor-size-default\">NONINVASIVE THERAPY<\/h2>\t\t\t\t<\/div>\n\t\t\t\t<\/div>\n\t\t\t\t<div class=\"elementor-element elementor-element-a65c259 elementor-widget__width-initial elementor-widget elementor-widget-text-editor\" data-id=\"a65c259\" data-element_type=\"widget\" data-e-type=\"widget\" data-widget_type=\"text-editor.default\">\n\t\t\t\t<div class=\"elementor-widget-container\">\n\t\t\t\t\t\t\t\t\t<div id=\"bgLayers_comp-lgfeziox2\" class=\"MW5IWV\" data-hook=\"bgLayers\"><div id=\"bgMedia_comp-lgfeziox2\" class=\"VgO9Yg\">Non-invasive, low-level laser therapy (LLLT) alters cellular functions and provides remarkable pain relief. Similar to photosynthesis in plants, LLLT has a photochemical effect that naturally reduces oxidative stress and increases ATP production.<\/div><\/div>\t\t\t\t\t\t\t\t<\/div>\n\t\t\t\t<\/div>\n\t\t\t\t\t<\/div>\n\t\t\t\t<\/div>\n\t\t\t\t<\/div>\n\t\t<div class=\"elementor-element elementor-element-f396f34 e-flex e-con-boxed e-con e-child\" data-id=\"f396f34\" data-element_type=\"container\" data-e-type=\"container\" data-settings=\"{&quot;background_background&quot;:&quot;classic&quot;,&quot;jet_parallax_layout_list&quot;:[],&quot;_ha_eqh_enable&quot;:false}\">\n\t\t\t\t\t<div class=\"e-con-inner\">\n\t\t<div class=\"elementor-element elementor-element-abfeadf e-con-full e-flex e-con e-child\" data-id=\"abfeadf\" data-element_type=\"container\" data-e-type=\"container\" data-settings=\"{&quot;background_background&quot;:&quot;classic&quot;,&quot;jet_parallax_layout_list&quot;:[],&quot;_ha_eqh_enable&quot;:false}\">\n\t\t\t\t<\/div>\n\t\t<div class=\"elementor-element elementor-element-9fa5b78 e-con-full e-flex e-con e-child\" data-id=\"9fa5b78\" data-element_type=\"container\" data-e-type=\"container\" data-settings=\"{&quot;background_background&quot;:&quot;classic&quot;,&quot;jet_parallax_layout_list&quot;:[],&quot;_ha_eqh_enable&quot;:false}\">\n\t\t\t\t<\/div>\n\t\t<div class=\"elementor-element elementor-element-fbf2974 e-con-full e-flex e-con e-child\" data-id=\"fbf2974\" data-element_type=\"container\" data-e-type=\"container\" data-settings=\"{&quot;background_background&quot;:&quot;classic&quot;,&quot;jet_parallax_layout_list&quot;:[],&quot;_ha_eqh_enable&quot;:false}\">\n\t\t\t\t<\/div>\n\t\t\t\t\t<\/div>\n\t\t\t\t<\/div>\n\t\t\t\t<\/div>\n\t\t\t\t<\/div>","protected":false},"excerpt":{"rendered":"<p>\u00bfSUFRES DE DOLOR SEVERO? CONOCE DE NUESTRA TERAPIA NO INVASIVO EN LAPIC Cont\u00e1ctanos TERAPIA NO INVASIVA Las terapia no invasiva, es un l\u00e1ser de bajo nivel (LLLT) que altera las funciones celulares y proporciona un alivio notable del dolor. Similar a la fotos\u00edntesis en las plantas, LLLT tiene un efecto fotoqu\u00edmico que reduce naturalmente el [&hellip;]<\/p>\n","protected":false},"author":1,"featured_media":0,"parent":0,"menu_order":0,"comment_status":"closed","ping_status":"closed","template":"","meta":{"_joinchat":[],"footnotes":""},"class_list":["post-82","page","type-page","status-publish","hentry"],"yoast_head":"<!-- This site is optimized with the Yoast SEO plugin v27.5 - https:\/\/yoast.com\/product\/yoast-seo-wordpress\/ -->\n<title>Terapia No Invasiva con L\u00e1ser LLLT en San Juan | LAPIC<\/title>\n<meta name=\"description\" content=\"LAPIC San Juan: alivio del dolor con l\u00e1ser de bajo nivel (LLLT), terapia no invasiva que reduce inflamaci\u00f3n y promueve recuperaci\u00f3n.\" \/>\n<meta name=\"robots\" content=\"index, follow, max-snippet:-1, max-image-preview:large, max-video-preview:-1\" \/>\n<link rel=\"canonical\" href=\"https:\/\/lapiccenterpr.com\/en\/terapia-no-invasiva\/\" \/>\n<meta property=\"og:locale\" content=\"en_US\" \/>\n<meta property=\"og:type\" content=\"article\" \/>\n<meta property=\"og:title\" content=\"Terapia No Invasiva con L\u00e1ser LLLT en San Juan | LAPIC\" \/>\n<meta property=\"og:description\" content=\"LAPIC San Juan: alivio del dolor con l\u00e1ser de bajo nivel (LLLT), terapia no invasiva que reduce inflamaci\u00f3n y promueve recuperaci\u00f3n.\" \/>\n<meta property=\"og:url\" content=\"https:\/\/lapiccenterpr.com\/en\/terapia-no-invasiva\/\" \/>\n<meta property=\"og:site_name\" content=\"LAPIC - Las Am\u00e9ricas Pain Interventional Center\" \/>\n<meta property=\"article:publisher\" content=\"https:\/\/www.facebook.com\/LapicCenter\" \/>\n<meta property=\"article:modified_time\" content=\"2025-09-30T15:40:37+00:00\" \/>\n<meta property=\"og:image\" content=\"https:\/\/lapiccenterpr.com\/wp-content\/uploads\/2024\/01\/LAPIC-LOGO.webp\" \/>\n\t<meta property=\"og:image:width\" content=\"163\" \/>\n\t<meta property=\"og:image:height\" content=\"126\" \/>\n\t<meta property=\"og:image:type\" content=\"image\/webp\" \/>\n<meta name=\"twitter:card\" content=\"summary_large_image\" \/>\n<meta name=\"twitter:title\" content=\"Terapia No Invasiva con L\u00e1ser LLLT en San Juan | LAPIC\" \/>\n<meta name=\"twitter:description\" content=\"LAPIC San Juan: alivio del dolor con l\u00e1ser de bajo nivel (LLLT), terapia no invasiva que reduce inflamaci\u00f3n y promueve recuperaci\u00f3n.\" \/>\n<meta name=\"twitter:label1\" content=\"Est. reading time\" \/>\n\t<meta name=\"twitter:data1\" content=\"1 minute\" \/>\n<script type=\"application\/ld+json\" class=\"yoast-schema-graph\">{\"@context\":\"https:\\\/\\\/schema.org\",\"@graph\":[{\"@type\":\"WebPage\",\"@id\":\"https:\\\/\\\/lapiccenterpr.com\\\/terapia-no-invasiva\\\/\",\"url\":\"https:\\\/\\\/lapiccenterpr.com\\\/terapia-no-invasiva\\\/\",\"name\":\"Terapia No Invasiva con L\u00e1ser LLLT en San Juan | LAPIC\",\"isPartOf\":{\"@id\":\"https:\\\/\\\/lapiccenterpr.com\\\/#website\"},\"datePublished\":\"2024-02-01T13:47:48+00:00\",\"dateModified\":\"2025-09-30T15:40:37+00:00\",\"description\":\"LAPIC San Juan: alivio del dolor con l\u00e1ser de bajo nivel (LLLT), terapia no invasiva que reduce inflamaci\u00f3n y promueve recuperaci\u00f3n.\",\"breadcrumb\":{\"@id\":\"https:\\\/\\\/lapiccenterpr.com\\\/terapia-no-invasiva\\\/#breadcrumb\"},\"inLanguage\":\"en-US\",\"potentialAction\":[{\"@type\":\"ReadAction\",\"target\":[\"https:\\\/\\\/lapiccenterpr.com\\\/terapia-no-invasiva\\\/\"]}]},{\"@type\":\"BreadcrumbList\",\"@id\":\"https:\\\/\\\/lapiccenterpr.com\\\/terapia-no-invasiva\\\/#breadcrumb\",\"itemListElement\":[{\"@type\":\"ListItem\",\"position\":1,\"name\":\"Home\",\"item\":\"https:\\\/\\\/lapiccenterpr.com\\\/\"},{\"@type\":\"ListItem\",\"position\":2,\"name\":\"TERAPIA NO INVASIVA\"}]},{\"@type\":\"WebSite\",\"@id\":\"https:\\\/\\\/lapiccenterpr.com\\\/#website\",\"url\":\"https:\\\/\\\/lapiccenterpr.com\\\/\",\"name\":\"LAPIC - Las Am\u00e9ricas Pain Interventional Center\",\"description\":\"Centro especializado en el manejo del dolor agudo y cr\u00f3nico\",\"publisher\":{\"@id\":\"https:\\\/\\\/lapiccenterpr.com\\\/#organization\"},\"alternateName\":\"LAPIC - Las Am\u00e9ricas Pain Interventional Center - Dra. Aurea T. Negr\u00f3n Valc\u00e1rcel\",\"potentialAction\":[{\"@type\":\"SearchAction\",\"target\":{\"@type\":\"EntryPoint\",\"urlTemplate\":\"https:\\\/\\\/lapiccenterpr.com\\\/?s={search_term_string}\"},\"query-input\":{\"@type\":\"PropertyValueSpecification\",\"valueRequired\":true,\"valueName\":\"search_term_string\"}}],\"inLanguage\":\"en-US\"},{\"@type\":\"Organization\",\"@id\":\"https:\\\/\\\/lapiccenterpr.com\\\/#organization\",\"name\":\"LAPIC - Las Am\u00e9ricas Pain Interventional Center\",\"alternateName\":\"LAPIC - Las Am\u00e9ricas Pain Interventional Center - Dra. Aurea T. Negr\u00f3n Valc\u00e1rcel\",\"url\":\"https:\\\/\\\/lapiccenterpr.com\\\/\",\"logo\":{\"@type\":\"ImageObject\",\"inLanguage\":\"en-US\",\"@id\":\"https:\\\/\\\/lapiccenterpr.com\\\/#\\\/schema\\\/logo\\\/image\\\/\",\"url\":\"https:\\\/\\\/lapiccenterpr.com\\\/wp-content\\\/uploads\\\/2024\\\/01\\\/LAPIC-LOGO.webp\",\"contentUrl\":\"https:\\\/\\\/lapiccenterpr.com\\\/wp-content\\\/uploads\\\/2024\\\/01\\\/LAPIC-LOGO.webp\",\"width\":163,\"height\":126,\"caption\":\"LAPIC - Las Am\u00e9ricas Pain Interventional Center\"},\"image\":{\"@id\":\"https:\\\/\\\/lapiccenterpr.com\\\/#\\\/schema\\\/logo\\\/image\\\/\"},\"sameAs\":[\"https:\\\/\\\/www.facebook.com\\\/LapicCenter\"]}]}<\/script>\n<!-- \/ Yoast SEO plugin. -->","yoast_head_json":{"title":"Terapia No Invasiva con L\u00e1ser LLLT en San Juan | LAPIC","description":"LAPIC San Juan: alivio del dolor con l\u00e1ser de bajo nivel (LLLT), terapia no invasiva que reduce inflamaci\u00f3n y promueve recuperaci\u00f3n.","robots":{"index":"index","follow":"follow","max-snippet":"max-snippet:-1","max-image-preview":"max-image-preview:large","max-video-preview":"max-video-preview:-1"},"canonical":"https:\/\/lapiccenterpr.com\/en\/terapia-no-invasiva\/","og_locale":"en_US","og_type":"article","og_title":"Terapia No Invasiva con L\u00e1ser LLLT en San Juan | LAPIC","og_description":"LAPIC San Juan: alivio del dolor con l\u00e1ser de bajo nivel (LLLT), terapia no invasiva que reduce inflamaci\u00f3n y promueve recuperaci\u00f3n.","og_url":"https:\/\/lapiccenterpr.com\/en\/terapia-no-invasiva\/","og_site_name":"LAPIC - Las Am\u00e9ricas Pain Interventional Center","article_publisher":"https:\/\/www.facebook.com\/LapicCenter","article_modified_time":"2025-09-30T15:40:37+00:00","og_image":[{"width":163,"height":126,"url":"https:\/\/lapiccenterpr.com\/wp-content\/uploads\/2024\/01\/LAPIC-LOGO.webp","type":"image\/webp"}],"twitter_card":"summary_large_image","twitter_title":"Terapia No Invasiva con L\u00e1ser LLLT en San Juan | LAPIC","twitter_description":"LAPIC San Juan: alivio del dolor con l\u00e1ser de bajo nivel (LLLT), terapia no invasiva que reduce inflamaci\u00f3n y promueve recuperaci\u00f3n.","twitter_misc":{"Est. reading time":"1 minute"},"schema":{"@context":"https:\/\/schema.org","@graph":[{"@type":"WebPage","@id":"https:\/\/lapiccenterpr.com\/terapia-no-invasiva\/","url":"https:\/\/lapiccenterpr.com\/terapia-no-invasiva\/","name":"Terapia No Invasiva con L\u00e1ser LLLT en San Juan | LAPIC","isPartOf":{"@id":"https:\/\/lapiccenterpr.com\/#website"},"datePublished":"2024-02-01T13:47:48+00:00","dateModified":"2025-09-30T15:40:37+00:00","description":"LAPIC San Juan: alivio del dolor con l\u00e1ser de bajo nivel (LLLT), terapia no invasiva que reduce inflamaci\u00f3n y promueve recuperaci\u00f3n.","breadcrumb":{"@id":"https:\/\/lapiccenterpr.com\/terapia-no-invasiva\/#breadcrumb"},"inLanguage":"en-US","potentialAction":[{"@type":"ReadAction","target":["https:\/\/lapiccenterpr.com\/terapia-no-invasiva\/"]}]},{"@type":"BreadcrumbList","@id":"https:\/\/lapiccenterpr.com\/terapia-no-invasiva\/#breadcrumb","itemListElement":[{"@type":"ListItem","position":1,"name":"Home","item":"https:\/\/lapiccenterpr.com\/"},{"@type":"ListItem","position":2,"name":"TERAPIA NO INVASIVA"}]},{"@type":"WebSite","@id":"https:\/\/lapiccenterpr.com\/#website","url":"https:\/\/lapiccenterpr.com\/","name":"LAPIC - Las Am\u00e9ricas Pain Interventional Center","description":"Centro especializado en el manejo del dolor agudo y cr\u00f3nico","publisher":{"@id":"https:\/\/lapiccenterpr.com\/#organization"},"alternateName":"LAPIC - Las Am\u00e9ricas Pain Interventional Center - Dra. Aurea T. Negr\u00f3n Valc\u00e1rcel","potentialAction":[{"@type":"SearchAction","target":{"@type":"EntryPoint","urlTemplate":"https:\/\/lapiccenterpr.com\/?s={search_term_string}"},"query-input":{"@type":"PropertyValueSpecification","valueRequired":true,"valueName":"search_term_string"}}],"inLanguage":"en-US"},{"@type":"Organization","@id":"https:\/\/lapiccenterpr.com\/#organization","name":"LAPIC - Las Am\u00e9ricas Pain Interventional Center","alternateName":"LAPIC - Las Am\u00e9ricas Pain Interventional Center - Dra. Aurea T. Negr\u00f3n Valc\u00e1rcel","url":"https:\/\/lapiccenterpr.com\/","logo":{"@type":"ImageObject","inLanguage":"en-US","@id":"https:\/\/lapiccenterpr.com\/#\/schema\/logo\/image\/","url":"https:\/\/lapiccenterpr.com\/wp-content\/uploads\/2024\/01\/LAPIC-LOGO.webp","contentUrl":"https:\/\/lapiccenterpr.com\/wp-content\/uploads\/2024\/01\/LAPIC-LOGO.webp","width":163,"height":126,"caption":"LAPIC - Las Am\u00e9ricas Pain Interventional Center"},"image":{"@id":"https:\/\/lapiccenterpr.com\/#\/schema\/logo\/image\/"},"sameAs":["https:\/\/www.facebook.com\/LapicCenter"]}]}},"_links":{"self":[{"href":"https:\/\/lapiccenterpr.com\/en\/wp-json\/wp\/v2\/pages\/82","targetHints":{"allow":["GET"]}}],"collection":[{"href":"https:\/\/lapiccenterpr.com\/en\/wp-json\/wp\/v2\/pages"}],"about":[{"href":"https:\/\/lapiccenterpr.com\/en\/wp-json\/wp\/v2\/types\/page"}],"author":[{"embeddable":true,"href":"https:\/\/lapiccenterpr.com\/en\/wp-json\/wp\/v2\/users\/1"}],"replies":[{"embeddable":true,"href":"https:\/\/lapiccenterpr.com\/en\/wp-json\/wp\/v2\/comments?post=82"}],"version-history":[{"count":5,"href":"https:\/\/lapiccenterpr.com\/en\/wp-json\/wp\/v2\/pages\/82\/revisions"}],"predecessor-version":[{"id":779,"href":"https:\/\/lapiccenterpr.com\/en\/wp-json\/wp\/v2\/pages\/82\/revisions\/779"}],"wp:attachment":[{"href":"https:\/\/lapiccenterpr.com\/en\/wp-json\/wp\/v2\/media?parent=82"}],"curies":[{"name":"wp","href":"https:\/\/api.w.org\/{rel}","templated":true}]}}