{"id":80,"date":"2024-02-01T13:47:13","date_gmt":"2024-02-01T13:47:13","guid":{"rendered":"https:\/\/lapiccenterpr.com\/lapiccenterpr\/?page_id=80"},"modified":"2025-10-08T20:19:33","modified_gmt":"2025-10-08T20:19:33","slug":"perida-de-peso","status":"publish","type":"page","link":"https:\/\/lapiccenterpr.com\/en\/perida-de-peso\/","title":{"rendered":"WEIGHT LOSS"},"content":{"rendered":"<div data-elementor-type=\"wp-page\" data-elementor-id=\"80\" class=\"elementor elementor-80\" data-elementor-settings=\"{&quot;ha_cmc_init_switcher&quot;:&quot;no&quot;}\">\n\t\t\t\t<div class=\"elementor-element elementor-element-f3d5770 e-flex e-con-boxed elementor-invisible e-con e-parent\" data-id=\"f3d5770\" data-element_type=\"container\" data-e-type=\"container\" data-settings=\"{&quot;background_background&quot;:&quot;classic&quot;,&quot;jet_parallax_layout_list&quot;:[],&quot;animation&quot;:&quot;fadeIn&quot;,&quot;_ha_eqh_enable&quot;:false}\">\n\t\t\t\t\t<div class=\"e-con-inner\">\n\t\t\t\t<div class=\"elementor-element elementor-element-e4aa08f elementor-widget__width-initial elementor-widget elementor-widget-heading\" data-id=\"e4aa08f\" data-element_type=\"widget\" data-e-type=\"widget\" data-widget_type=\"heading.default\">\n\t\t\t\t<div class=\"elementor-widget-container\">\n\t\t\t\t\t<h1 class=\"elementor-heading-title elementor-size-default\">LOSING BODY FAT HELPS US CREATE BODY STABILITY <\/h1>\t\t\t\t<\/div>\n\t\t\t\t<\/div>\n\t\t\t\t<div class=\"elementor-element elementor-element-e871fdf pa-icon-pos-before premium-lq__none elementor-widget elementor-widget-premium-addon-button\" data-id=\"e871fdf\" data-element_type=\"widget\" data-e-type=\"widget\" data-widget_type=\"premium-addon-button.default\">\n\t\t\t\t<div class=\"elementor-widget-container\">\n\t\t\t\t\t\n\n\t\t<a class=\"premium-button premium-button-none premium-btn-lg premium-button-none\" href=\"https:\/\/lapiccenterpr.com\/en\/contacto\/\">\n\t\t\t<div class=\"premium-button-text-icon-wrapper\">\n\t\t\t\t\n\t\t\t\t\t\t\t\t\t\t\t\t\t\t\t\t\t\t\t\t\t\t\t\t\t\t\t\t\t\t\t\t\t\n\t\t\t\t\t\t\t\t\t<span >\n\t\t\t\t\t\t Make Your Appointment\t\t\t\t\t<\/span>\n\t\t\t\t\t\t\t<\/div>\n\n\t\t\t\n\t\t\t\n\t\t\t\n\t\t<\/a>\n\n\n\t\t\t\t\t\t<\/div>\n\t\t\t\t<\/div>\n\t\t\t\t\t<\/div>\n\t\t\t\t<\/div>\n\t\t<div class=\"elementor-element elementor-element-f689b9c e-con-full e-flex elementor-invisible e-con e-parent\" data-id=\"f689b9c\" data-element_type=\"container\" data-e-type=\"container\" data-settings=\"{&quot;jet_parallax_layout_list&quot;:[],&quot;animation&quot;:&quot;fadeIn&quot;,&quot;_ha_eqh_enable&quot;:false}\">\n\t\t<div class=\"elementor-element elementor-element-122014d e-con-full e-flex e-con e-child\" data-id=\"122014d\" data-element_type=\"container\" data-e-type=\"container\" data-settings=\"{&quot;jet_parallax_layout_list&quot;:[],&quot;_ha_eqh_enable&quot;:false}\">\n\t\t<div class=\"elementor-element elementor-element-ffd293f e-flex e-con-boxed e-con e-child\" data-id=\"ffd293f\" data-element_type=\"container\" data-e-type=\"container\" data-settings=\"{&quot;jet_parallax_layout_list&quot;:[],&quot;_ha_eqh_enable&quot;:false}\">\n\t\t\t\t\t<div class=\"e-con-inner\">\n\t\t\t\t<div class=\"elementor-element elementor-element-c0a1045 elementor-widget__width-inherit elementor-widget elementor-widget-heading\" data-id=\"c0a1045\" data-element_type=\"widget\" data-e-type=\"widget\" data-widget_type=\"heading.default\">\n\t\t\t\t<div class=\"elementor-widget-container\">\n\t\t\t\t\t<h2 class=\"elementor-heading-title elementor-size-default\">WEIGHT LOSS<\/h2>\t\t\t\t<\/div>\n\t\t\t\t<\/div>\n\t\t\t\t<div class=\"elementor-element elementor-element-c491a9f elementor-widget__width-initial elementor-widget elementor-widget-text-editor\" data-id=\"c491a9f\" data-element_type=\"widget\" data-e-type=\"widget\" data-widget_type=\"text-editor.default\">\n\t\t\t\t<div class=\"elementor-widget-container\">\n\t\t\t\t\t\t\t\t\t<p class=\"font_8 wixui-rich-text__text\">In addition to treatments, losing weight, losing body fat helps us create body stability and thus improve our quality of life by reducing chronic pain caused by being overweight. Sometimes diet and exercise are not enough to lose weight and finding the right weight loss program can be frustrating.<\/p><p class=\"font_8 wixui-rich-text__text\">With expert advice from the experts at LAPIC, you can get the help and support you need without judgment or stress. We offer a personalized weight loss program to help you achieve your weight loss goals and improve your overall health. We use a tool approved by the Food and Drug Administration (FDA), low intensity laser that applied to the different areas of the body causes fat to be eliminated and consequently the patient loses weight. Without marks, without swelling, it attacks the fat cells causing small pores on its surface, causing the fat inside the cell to melt and the lymphatic system disposes of it.<\/p>\t\t\t\t\t\t\t\t<\/div>\n\t\t\t\t<\/div>\n\t\t\t\t\t<\/div>\n\t\t\t\t<\/div>\n\t\t\t\t<\/div>\n\t\t<div class=\"elementor-element elementor-element-6d27f36 e-con-full e-flex e-con e-child\" data-id=\"6d27f36\" data-element_type=\"container\" data-e-type=\"container\" data-settings=\"{&quot;background_background&quot;:&quot;classic&quot;,&quot;jet_parallax_layout_list&quot;:[],&quot;_ha_eqh_enable&quot;:false}\">\n\t\t<div class=\"elementor-element elementor-element-16eb38f e-con-full e-flex e-con e-child\" data-id=\"16eb38f\" data-element_type=\"container\" data-e-type=\"container\" data-settings=\"{&quot;background_background&quot;:&quot;classic&quot;,&quot;jet_parallax_layout_list&quot;:[],&quot;_ha_eqh_enable&quot;:false}\">\n\t\t\t\t<\/div>\n\t\t<div class=\"elementor-element elementor-element-c2429b2 e-con-full e-flex e-con e-child\" data-id=\"c2429b2\" data-element_type=\"container\" data-e-type=\"container\" data-settings=\"{&quot;background_background&quot;:&quot;classic&quot;,&quot;jet_parallax_layout_list&quot;:[],&quot;_ha_eqh_enable&quot;:false}\">\n\t\t\t\t<\/div>\n\t\t\t\t<\/div>\n\t\t\t\t<\/div>\n\t\t\t\t<\/div>","protected":false},"excerpt":{"rendered":"<p>PERDER GRASA DEL CUERPO NOS AYUDA A CREAR ESTABILIDAD CORPORAL Cont\u00e1ctanos P\u00c9RDIDA DE PESO En adici\u00f3n a los tratamientos, perder peso, perder grasa de nuestro cuerpo nos ayuda a crear estabilidad corporal y as\u00ed mejorar nuestra calidad de vida reduciendo los dolores cr\u00f3nicos ocasionados por el sobrepeso En ocasiones la dieta y el ejercicio no [&hellip;]<\/p>\n","protected":false},"author":1,"featured_media":0,"parent":0,"menu_order":0,"comment_status":"closed","ping_status":"closed","template":"","meta":{"_joinchat":[],"footnotes":""},"class_list":["post-80","page","type-page","status-publish","hentry"],"yoast_head":"<!-- This site is optimized with the Yoast SEO plugin v27.5 - https:\/\/yoast.com\/product\/yoast-seo-wordpress\/ -->\n<title>P\u00e9rdida de peso en San Juan | Tratamientos en LAPIC Center<\/title>\n<meta name=\"description\" content=\"LAPIC Center San Juan: programas personalizados de p\u00e9rdida de peso y tratamientos l\u00e1ser FDA para reducir grasa de forma segura\" \/>\n<meta name=\"robots\" content=\"index, follow, max-snippet:-1, max-image-preview:large, max-video-preview:-1\" \/>\n<link rel=\"canonical\" href=\"https:\/\/lapiccenterpr.com\/en\/perida-de-peso\/\" \/>\n<meta property=\"og:locale\" content=\"en_US\" \/>\n<meta property=\"og:type\" content=\"article\" \/>\n<meta property=\"og:title\" content=\"P\u00e9rdida de peso en San Juan | Tratamientos en LAPIC Center\" \/>\n<meta property=\"og:description\" content=\"LAPIC Center San Juan: programas personalizados de p\u00e9rdida de peso y tratamientos l\u00e1ser FDA para reducir grasa de forma segura\" \/>\n<meta property=\"og:url\" content=\"https:\/\/lapiccenterpr.com\/en\/perida-de-peso\/\" \/>\n<meta property=\"og:site_name\" content=\"LAPIC - Las Am\u00e9ricas Pain Interventional Center\" \/>\n<meta property=\"article:publisher\" content=\"https:\/\/www.facebook.com\/LapicCenter\" \/>\n<meta property=\"article:modified_time\" content=\"2025-10-08T20:19:33+00:00\" \/>\n<meta property=\"og:image\" content=\"https:\/\/lapiccenterpr.com\/wp-content\/uploads\/2024\/01\/LAPIC-LOGO.webp\" \/>\n\t<meta property=\"og:image:width\" content=\"163\" \/>\n\t<meta property=\"og:image:height\" content=\"126\" \/>\n\t<meta property=\"og:image:type\" content=\"image\/webp\" \/>\n<meta name=\"twitter:card\" content=\"summary_large_image\" \/>\n<meta name=\"twitter:title\" content=\"P\u00e9rdida de peso en San Juan | Tratamientos en LAPIC Center\" \/>\n<meta name=\"twitter:description\" content=\"LAPIC Center San Juan: programas personalizados de p\u00e9rdida de peso y tratamientos l\u00e1ser FDA para reducir grasa de forma segura\" \/>\n<meta name=\"twitter:label1\" content=\"Est. reading time\" \/>\n\t<meta name=\"twitter:data1\" content=\"1 minute\" \/>\n<script type=\"application\/ld+json\" class=\"yoast-schema-graph\">{\"@context\":\"https:\\\/\\\/schema.org\",\"@graph\":[{\"@type\":\"WebPage\",\"@id\":\"https:\\\/\\\/lapiccenterpr.com\\\/perida-de-peso\\\/\",\"url\":\"https:\\\/\\\/lapiccenterpr.com\\\/perida-de-peso\\\/\",\"name\":\"P\u00e9rdida de peso en San Juan | Tratamientos en LAPIC Center\",\"isPartOf\":{\"@id\":\"https:\\\/\\\/lapiccenterpr.com\\\/#website\"},\"datePublished\":\"2024-02-01T13:47:13+00:00\",\"dateModified\":\"2025-10-08T20:19:33+00:00\",\"description\":\"LAPIC Center San Juan: programas personalizados de p\u00e9rdida de peso y tratamientos l\u00e1ser FDA para reducir grasa de forma segura\",\"breadcrumb\":{\"@id\":\"https:\\\/\\\/lapiccenterpr.com\\\/perida-de-peso\\\/#breadcrumb\"},\"inLanguage\":\"en-US\",\"potentialAction\":[{\"@type\":\"ReadAction\",\"target\":[\"https:\\\/\\\/lapiccenterpr.com\\\/perida-de-peso\\\/\"]}]},{\"@type\":\"BreadcrumbList\",\"@id\":\"https:\\\/\\\/lapiccenterpr.com\\\/perida-de-peso\\\/#breadcrumb\",\"itemListElement\":[{\"@type\":\"ListItem\",\"position\":1,\"name\":\"Home\",\"item\":\"https:\\\/\\\/lapiccenterpr.com\\\/\"},{\"@type\":\"ListItem\",\"position\":2,\"name\":\"P\u00c9RDIDA DE PESO\"}]},{\"@type\":\"WebSite\",\"@id\":\"https:\\\/\\\/lapiccenterpr.com\\\/#website\",\"url\":\"https:\\\/\\\/lapiccenterpr.com\\\/\",\"name\":\"LAPIC - Las Am\u00e9ricas Pain Interventional Center\",\"description\":\"Centro especializado en el manejo del dolor agudo y cr\u00f3nico\",\"publisher\":{\"@id\":\"https:\\\/\\\/lapiccenterpr.com\\\/#organization\"},\"alternateName\":\"LAPIC - Las Am\u00e9ricas Pain Interventional Center - Dra. Aurea T. Negr\u00f3n Valc\u00e1rcel\",\"potentialAction\":[{\"@type\":\"SearchAction\",\"target\":{\"@type\":\"EntryPoint\",\"urlTemplate\":\"https:\\\/\\\/lapiccenterpr.com\\\/?s={search_term_string}\"},\"query-input\":{\"@type\":\"PropertyValueSpecification\",\"valueRequired\":true,\"valueName\":\"search_term_string\"}}],\"inLanguage\":\"en-US\"},{\"@type\":\"Organization\",\"@id\":\"https:\\\/\\\/lapiccenterpr.com\\\/#organization\",\"name\":\"LAPIC - Las Am\u00e9ricas Pain Interventional Center\",\"alternateName\":\"LAPIC - Las Am\u00e9ricas Pain Interventional Center - Dra. Aurea T. Negr\u00f3n Valc\u00e1rcel\",\"url\":\"https:\\\/\\\/lapiccenterpr.com\\\/\",\"logo\":{\"@type\":\"ImageObject\",\"inLanguage\":\"en-US\",\"@id\":\"https:\\\/\\\/lapiccenterpr.com\\\/#\\\/schema\\\/logo\\\/image\\\/\",\"url\":\"https:\\\/\\\/lapiccenterpr.com\\\/wp-content\\\/uploads\\\/2024\\\/01\\\/LAPIC-LOGO.webp\",\"contentUrl\":\"https:\\\/\\\/lapiccenterpr.com\\\/wp-content\\\/uploads\\\/2024\\\/01\\\/LAPIC-LOGO.webp\",\"width\":163,\"height\":126,\"caption\":\"LAPIC - Las Am\u00e9ricas Pain Interventional Center\"},\"image\":{\"@id\":\"https:\\\/\\\/lapiccenterpr.com\\\/#\\\/schema\\\/logo\\\/image\\\/\"},\"sameAs\":[\"https:\\\/\\\/www.facebook.com\\\/LapicCenter\"]}]}<\/script>\n<!-- \/ Yoast SEO plugin. -->","yoast_head_json":{"title":"P\u00e9rdida de peso en San Juan | Tratamientos en LAPIC Center","description":"LAPIC Center San Juan: programas personalizados de p\u00e9rdida de peso y tratamientos l\u00e1ser FDA para reducir grasa de forma segura","robots":{"index":"index","follow":"follow","max-snippet":"max-snippet:-1","max-image-preview":"max-image-preview:large","max-video-preview":"max-video-preview:-1"},"canonical":"https:\/\/lapiccenterpr.com\/en\/perida-de-peso\/","og_locale":"en_US","og_type":"article","og_title":"P\u00e9rdida de peso en San Juan | Tratamientos en LAPIC Center","og_description":"LAPIC Center San Juan: programas personalizados de p\u00e9rdida de peso y tratamientos l\u00e1ser FDA para reducir grasa de forma segura","og_url":"https:\/\/lapiccenterpr.com\/en\/perida-de-peso\/","og_site_name":"LAPIC - Las Am\u00e9ricas Pain Interventional Center","article_publisher":"https:\/\/www.facebook.com\/LapicCenter","article_modified_time":"2025-10-08T20:19:33+00:00","og_image":[{"width":163,"height":126,"url":"https:\/\/lapiccenterpr.com\/wp-content\/uploads\/2024\/01\/LAPIC-LOGO.webp","type":"image\/webp"}],"twitter_card":"summary_large_image","twitter_title":"P\u00e9rdida de peso en San Juan | Tratamientos en LAPIC Center","twitter_description":"LAPIC Center San Juan: programas personalizados de p\u00e9rdida de peso y tratamientos l\u00e1ser FDA para reducir grasa de forma segura","twitter_misc":{"Est. reading time":"1 minute"},"schema":{"@context":"https:\/\/schema.org","@graph":[{"@type":"WebPage","@id":"https:\/\/lapiccenterpr.com\/perida-de-peso\/","url":"https:\/\/lapiccenterpr.com\/perida-de-peso\/","name":"P\u00e9rdida de peso en San Juan | Tratamientos en LAPIC Center","isPartOf":{"@id":"https:\/\/lapiccenterpr.com\/#website"},"datePublished":"2024-02-01T13:47:13+00:00","dateModified":"2025-10-08T20:19:33+00:00","description":"LAPIC Center San Juan: programas personalizados de p\u00e9rdida de peso y tratamientos l\u00e1ser FDA para reducir grasa de forma segura","breadcrumb":{"@id":"https:\/\/lapiccenterpr.com\/perida-de-peso\/#breadcrumb"},"inLanguage":"en-US","potentialAction":[{"@type":"ReadAction","target":["https:\/\/lapiccenterpr.com\/perida-de-peso\/"]}]},{"@type":"BreadcrumbList","@id":"https:\/\/lapiccenterpr.com\/perida-de-peso\/#breadcrumb","itemListElement":[{"@type":"ListItem","position":1,"name":"Home","item":"https:\/\/lapiccenterpr.com\/"},{"@type":"ListItem","position":2,"name":"P\u00c9RDIDA DE PESO"}]},{"@type":"WebSite","@id":"https:\/\/lapiccenterpr.com\/#website","url":"https:\/\/lapiccenterpr.com\/","name":"LAPIC - Las Am\u00e9ricas Pain Interventional Center","description":"Centro especializado en el manejo del dolor agudo y cr\u00f3nico","publisher":{"@id":"https:\/\/lapiccenterpr.com\/#organization"},"alternateName":"LAPIC - Las Am\u00e9ricas Pain Interventional Center - Dra. Aurea T. Negr\u00f3n Valc\u00e1rcel","potentialAction":[{"@type":"SearchAction","target":{"@type":"EntryPoint","urlTemplate":"https:\/\/lapiccenterpr.com\/?s={search_term_string}"},"query-input":{"@type":"PropertyValueSpecification","valueRequired":true,"valueName":"search_term_string"}}],"inLanguage":"en-US"},{"@type":"Organization","@id":"https:\/\/lapiccenterpr.com\/#organization","name":"LAPIC - Las Am\u00e9ricas Pain Interventional Center","alternateName":"LAPIC - Las Am\u00e9ricas Pain Interventional Center - Dra. Aurea T. Negr\u00f3n Valc\u00e1rcel","url":"https:\/\/lapiccenterpr.com\/","logo":{"@type":"ImageObject","inLanguage":"en-US","@id":"https:\/\/lapiccenterpr.com\/#\/schema\/logo\/image\/","url":"https:\/\/lapiccenterpr.com\/wp-content\/uploads\/2024\/01\/LAPIC-LOGO.webp","contentUrl":"https:\/\/lapiccenterpr.com\/wp-content\/uploads\/2024\/01\/LAPIC-LOGO.webp","width":163,"height":126,"caption":"LAPIC - Las Am\u00e9ricas Pain Interventional Center"},"image":{"@id":"https:\/\/lapiccenterpr.com\/#\/schema\/logo\/image\/"},"sameAs":["https:\/\/www.facebook.com\/LapicCenter"]}]}},"_links":{"self":[{"href":"https:\/\/lapiccenterpr.com\/en\/wp-json\/wp\/v2\/pages\/80","targetHints":{"allow":["GET"]}}],"collection":[{"href":"https:\/\/lapiccenterpr.com\/en\/wp-json\/wp\/v2\/pages"}],"about":[{"href":"https:\/\/lapiccenterpr.com\/en\/wp-json\/wp\/v2\/types\/page"}],"author":[{"embeddable":true,"href":"https:\/\/lapiccenterpr.com\/en\/wp-json\/wp\/v2\/users\/1"}],"replies":[{"embeddable":true,"href":"https:\/\/lapiccenterpr.com\/en\/wp-json\/wp\/v2\/comments?post=80"}],"version-history":[{"count":11,"href":"https:\/\/lapiccenterpr.com\/en\/wp-json\/wp\/v2\/pages\/80\/revisions"}],"predecessor-version":[{"id":823,"href":"https:\/\/lapiccenterpr.com\/en\/wp-json\/wp\/v2\/pages\/80\/revisions\/823"}],"wp:attachment":[{"href":"https:\/\/lapiccenterpr.com\/en\/wp-json\/wp\/v2\/media?parent=80"}],"curies":[{"name":"wp","href":"https:\/\/api.w.org\/{rel}","templated":true}]}}