{"id":78,"date":"2024-02-01T13:46:44","date_gmt":"2024-02-01T13:46:44","guid":{"rendered":"https:\/\/lapiccenterpr.com\/lapiccenterpr\/?page_id=78"},"modified":"2025-09-30T15:26:46","modified_gmt":"2025-09-30T15:26:46","slug":"medicina-regenerativa","status":"publish","type":"page","link":"https:\/\/lapiccenterpr.com\/en\/medicina-regenerativa\/","title":{"rendered":"NATURAL THERAPY"},"content":{"rendered":"<div data-elementor-type=\"wp-page\" data-elementor-id=\"78\" class=\"elementor elementor-78\" data-elementor-settings=\"{&quot;ha_cmc_init_switcher&quot;:&quot;no&quot;}\">\n\t\t\t\t<div class=\"elementor-element elementor-element-b9a0d76 e-flex e-con-boxed elementor-invisible e-con e-parent\" data-id=\"b9a0d76\" data-element_type=\"container\" data-e-type=\"container\" data-settings=\"{&quot;background_background&quot;:&quot;classic&quot;,&quot;jet_parallax_layout_list&quot;:[],&quot;animation&quot;:&quot;fadeIn&quot;,&quot;_ha_eqh_enable&quot;:false}\">\n\t\t\t\t\t<div class=\"e-con-inner\">\n\t\t\t\t<div class=\"elementor-element elementor-element-f2543f0 elementor-widget__width-initial elementor-widget elementor-widget-heading\" data-id=\"f2543f0\" data-element_type=\"widget\" data-e-type=\"widget\" data-widget_type=\"heading.default\">\n\t\t\t\t<div class=\"elementor-widget-container\">\n\t\t\t\t\t<h1 class=\"elementor-heading-title elementor-size-default\">NATURAL THERAPY TO HELP REDUCE CHRONIC PAIN AND INFLAMMATION<\/h1>\t\t\t\t<\/div>\n\t\t\t\t<\/div>\n\t\t\t\t<div class=\"elementor-element elementor-element-3311c1b pa-icon-pos-before premium-lq__none elementor-widget elementor-widget-premium-addon-button\" data-id=\"3311c1b\" data-element_type=\"widget\" data-e-type=\"widget\" data-widget_type=\"premium-addon-button.default\">\n\t\t\t\t<div class=\"elementor-widget-container\">\n\t\t\t\t\t\n\n\t\t<a class=\"premium-button premium-button-none premium-btn-md premium-button-none\" href=\"https:\/\/lapiccenterpr.com\/en\/contacto\/\">\n\t\t\t<div class=\"premium-button-text-icon-wrapper\">\n\t\t\t\t\n\t\t\t\t\t\t\t\t\t\t\t\t\t\t\t\t\t\t\t\t\t\t\t\t\t\t\t\t\t\t\t\t\t\n\t\t\t\t\t\t\t\t\t<span >\n\t\t\t\t\t\t Make Your Appointment\t\t\t\t\t<\/span>\n\t\t\t\t\t\t\t<\/div>\n\n\t\t\t\n\t\t\t\n\t\t\t\n\t\t<\/a>\n\n\n\t\t\t\t\t\t<\/div>\n\t\t\t\t<\/div>\n\t\t\t\t\t<\/div>\n\t\t\t\t<\/div>\n\t\t<div class=\"elementor-element elementor-element-1edc118 e-con-full e-flex elementor-invisible e-con e-parent\" data-id=\"1edc118\" data-element_type=\"container\" data-e-type=\"container\" data-settings=\"{&quot;jet_parallax_layout_list&quot;:[],&quot;animation&quot;:&quot;fadeIn&quot;,&quot;_ha_eqh_enable&quot;:false}\">\n\t\t<div class=\"elementor-element elementor-element-47143f3 e-con-full e-flex e-con e-child\" data-id=\"47143f3\" data-element_type=\"container\" data-e-type=\"container\" data-settings=\"{&quot;background_background&quot;:&quot;classic&quot;,&quot;jet_parallax_layout_list&quot;:[],&quot;_ha_eqh_enable&quot;:false}\">\n\t\t<div class=\"elementor-element elementor-element-02a90e4 e-con-full e-flex e-con e-child\" data-id=\"02a90e4\" data-element_type=\"container\" data-e-type=\"container\" data-settings=\"{&quot;background_background&quot;:&quot;classic&quot;,&quot;jet_parallax_layout_list&quot;:[],&quot;_ha_eqh_enable&quot;:false}\">\n\t\t\t\t<\/div>\n\t\t\t\t<\/div>\n\t\t<div class=\"elementor-element elementor-element-1e05ceb e-con-full e-flex e-con e-child\" data-id=\"1e05ceb\" data-element_type=\"container\" data-e-type=\"container\" data-settings=\"{&quot;jet_parallax_layout_list&quot;:[],&quot;_ha_eqh_enable&quot;:false}\">\n\t\t<div class=\"elementor-element elementor-element-72af6ae e-con-full e-flex e-con e-child\" data-id=\"72af6ae\" data-element_type=\"container\" data-e-type=\"container\" data-settings=\"{&quot;jet_parallax_layout_list&quot;:[],&quot;_ha_eqh_enable&quot;:false}\">\n\t\t\t\t<div class=\"elementor-element elementor-element-b842c1a elementor-widget__width-inherit elementor-widget elementor-widget-heading\" data-id=\"b842c1a\" data-element_type=\"widget\" data-e-type=\"widget\" data-widget_type=\"heading.default\">\n\t\t\t\t<div class=\"elementor-widget-container\">\n\t\t\t\t\t<h2 class=\"elementor-heading-title elementor-size-default\">NATURAL THERAPY<\/h2>\t\t\t\t<\/div>\n\t\t\t\t<\/div>\n\t\t\t\t<div class=\"elementor-element elementor-element-6386755 elementor-widget__width-inherit elementor-widget elementor-widget-text-editor\" data-id=\"6386755\" data-element_type=\"widget\" data-e-type=\"widget\" data-widget_type=\"text-editor.default\">\n\t\t\t\t<div class=\"elementor-widget-container\">\n\t\t\t\t\t\t\t\t\t<p class=\"font_8 wixui-rich-text__text\">Natural therapy that helps reduce chronic joint pain and inflammation. If you suffer from joint problems, learn more by scheduling a consultation by phone or online today:<\/p>\t\t\t\t\t\t\t\t<\/div>\n\t\t\t\t<\/div>\n\t\t\t\t<div class=\"elementor-element elementor-element-71dffb8 elementor-widget__width-initial elementor-widget elementor-widget-text-editor\" data-id=\"71dffb8\" data-element_type=\"widget\" data-e-type=\"widget\" data-widget_type=\"text-editor.default\">\n\t\t\t\t<div class=\"elementor-widget-container\">\n\t\t\t\t\t\t\t\t\t<p class=\"font_8 wixui-rich-text__text\">Platelet Rich Plasma (PRP) is a solution containing large amounts of blood plasma.  Once PRP is injected into the affected area it decreases inflammation and pain and promotes the growth of healthy cells and tissue.<br class=\"wixui-rich-text__text\" \/>Some of the conditions that can be treated with PRP are:<\/p>\t\t\t\t\t\t\t\t<\/div>\n\t\t\t\t<\/div>\n\t\t\t\t<div class=\"elementor-element elementor-element-558878a elementor-widget__width-inherit elementor-widget elementor-widget-text-editor\" data-id=\"558878a\" data-element_type=\"widget\" data-e-type=\"widget\" data-widget_type=\"text-editor.default\">\n\t\t\t\t<div class=\"elementor-widget-container\">\n\t\t\t\t\t\t\t\t\t<ul>\n<li class=\"font_8 wixui-rich-text__text\">Injury to joints, muscles, ligaments or tendons<\/li>\n<li class=\"font_8 wixui-rich-text__text\">Tennis or Golfers Elbow&nbsp;<\/li><li class=\"font_8 wixui-rich-text__text\">Arthritis<\/li>\n<li class=\"font_8 wixui-rich-text__text\">Tendinitis<\/li>\n<li class=\"font_8 wixui-rich-text__text\">Chronic joint pain<\/li>\n<li class=\"font_8 wixui-rich-text__text\">Plantar fasciitis<\/li>\n<li class=\"font_8 wixui-rich-text__text\">Knee injuries<\/li>\n<li class=\"font_8 wixui-rich-text__text\">Rotura parcial del manguito de los rotadores<\/li>\n<\/ul>\t\t\t\t\t\t\t\t<\/div>\n\t\t\t\t<\/div>\n\t\t\t\t<\/div>\n\t\t\t\t<\/div>\n\t\t\t\t<\/div>\n\t\t\t\t<\/div>","protected":false},"excerpt":{"rendered":"<p>TERAPIA NATURAL PARA AYUDAR A REDUCIR EL DOLOR Y LA INFLAMACI\u00d3N CR\u00d3NICA Cont\u00e1ctanos TERAPIA NATURAL Terapia natural que ayuda a reducir el dolor y la inflamaci\u00f3n cr\u00f3nica de las articulaciones. Si sufre de problemas de articulaciones, conozca m\u00e1s informaci\u00f3n programando una consulta por tel\u00e9fono o en l\u00ednea hoy: Plasma Rico plaquetas (PRP) es una soluci\u00f3n [&hellip;]<\/p>\n","protected":false},"author":1,"featured_media":0,"parent":0,"menu_order":0,"comment_status":"closed","ping_status":"closed","template":"","meta":{"_joinchat":[],"footnotes":""},"class_list":["post-78","page","type-page","status-publish","hentry"],"yoast_head":"<!-- This site is optimized with the Yoast SEO plugin v27.5 - https:\/\/yoast.com\/product\/yoast-seo-wordpress\/ -->\n<title>Terapia natural en San Juan | Tratamiento para dolor e inflamaci\u00f3n<\/title>\n<meta name=\"description\" content=\"LAPIC San Juan: terapia PRP natural y regenerativa para dolor cr\u00f3nico, artritis, tendinitis y lesiones articulares.\" \/>\n<meta name=\"robots\" content=\"index, follow, max-snippet:-1, max-image-preview:large, max-video-preview:-1\" \/>\n<link rel=\"canonical\" href=\"https:\/\/lapiccenterpr.com\/en\/medicina-regenerativa\/\" \/>\n<meta property=\"og:locale\" content=\"en_US\" \/>\n<meta property=\"og:type\" content=\"article\" \/>\n<meta property=\"og:title\" content=\"Terapia natural en San Juan | Tratamiento para dolor e inflamaci\u00f3n\" \/>\n<meta property=\"og:description\" content=\"LAPIC San Juan: terapia PRP natural y regenerativa para dolor cr\u00f3nico, artritis, tendinitis y lesiones articulares.\" \/>\n<meta property=\"og:url\" content=\"https:\/\/lapiccenterpr.com\/en\/medicina-regenerativa\/\" \/>\n<meta property=\"og:site_name\" content=\"LAPIC - Las Am\u00e9ricas Pain Interventional Center\" \/>\n<meta property=\"article:publisher\" content=\"https:\/\/www.facebook.com\/LapicCenter\" \/>\n<meta property=\"article:modified_time\" content=\"2025-09-30T15:26:46+00:00\" \/>\n<meta property=\"og:image\" content=\"https:\/\/lapiccenterpr.com\/wp-content\/uploads\/2024\/01\/LAPIC-LOGO.webp\" \/>\n\t<meta property=\"og:image:width\" content=\"163\" \/>\n\t<meta property=\"og:image:height\" content=\"126\" \/>\n\t<meta property=\"og:image:type\" content=\"image\/webp\" \/>\n<meta name=\"twitter:card\" content=\"summary_large_image\" \/>\n<meta name=\"twitter:title\" content=\"Terapia natural en San Juan | Tratamiento para dolor e inflamaci\u00f3n\" \/>\n<meta name=\"twitter:description\" content=\"LAPIC San Juan: terapia PRP natural y regenerativa para dolor cr\u00f3nico, artritis, tendinitis y lesiones articulares.\" \/>\n<meta name=\"twitter:label1\" content=\"Est. reading time\" \/>\n\t<meta name=\"twitter:data1\" content=\"1 minute\" \/>\n<script type=\"application\/ld+json\" class=\"yoast-schema-graph\">{\"@context\":\"https:\\\/\\\/schema.org\",\"@graph\":[{\"@type\":\"WebPage\",\"@id\":\"https:\\\/\\\/lapiccenterpr.com\\\/medicina-regenerativa\\\/\",\"url\":\"https:\\\/\\\/lapiccenterpr.com\\\/medicina-regenerativa\\\/\",\"name\":\"Terapia natural en San Juan | Tratamiento para dolor e inflamaci\u00f3n\",\"isPartOf\":{\"@id\":\"https:\\\/\\\/lapiccenterpr.com\\\/#website\"},\"datePublished\":\"2024-02-01T13:46:44+00:00\",\"dateModified\":\"2025-09-30T15:26:46+00:00\",\"description\":\"LAPIC San Juan: terapia PRP natural y regenerativa para dolor cr\u00f3nico, artritis, tendinitis y lesiones articulares.\",\"breadcrumb\":{\"@id\":\"https:\\\/\\\/lapiccenterpr.com\\\/medicina-regenerativa\\\/#breadcrumb\"},\"inLanguage\":\"en-US\",\"potentialAction\":[{\"@type\":\"ReadAction\",\"target\":[\"https:\\\/\\\/lapiccenterpr.com\\\/medicina-regenerativa\\\/\"]}]},{\"@type\":\"BreadcrumbList\",\"@id\":\"https:\\\/\\\/lapiccenterpr.com\\\/medicina-regenerativa\\\/#breadcrumb\",\"itemListElement\":[{\"@type\":\"ListItem\",\"position\":1,\"name\":\"Home\",\"item\":\"https:\\\/\\\/lapiccenterpr.com\\\/\"},{\"@type\":\"ListItem\",\"position\":2,\"name\":\"TERAPIA NATURAL\"}]},{\"@type\":\"WebSite\",\"@id\":\"https:\\\/\\\/lapiccenterpr.com\\\/#website\",\"url\":\"https:\\\/\\\/lapiccenterpr.com\\\/\",\"name\":\"LAPIC - Las Am\u00e9ricas Pain Interventional Center\",\"description\":\"Centro especializado en el manejo del dolor agudo y cr\u00f3nico\",\"publisher\":{\"@id\":\"https:\\\/\\\/lapiccenterpr.com\\\/#organization\"},\"alternateName\":\"LAPIC - Las Am\u00e9ricas Pain Interventional Center - Dra. Aurea T. Negr\u00f3n Valc\u00e1rcel\",\"potentialAction\":[{\"@type\":\"SearchAction\",\"target\":{\"@type\":\"EntryPoint\",\"urlTemplate\":\"https:\\\/\\\/lapiccenterpr.com\\\/?s={search_term_string}\"},\"query-input\":{\"@type\":\"PropertyValueSpecification\",\"valueRequired\":true,\"valueName\":\"search_term_string\"}}],\"inLanguage\":\"en-US\"},{\"@type\":\"Organization\",\"@id\":\"https:\\\/\\\/lapiccenterpr.com\\\/#organization\",\"name\":\"LAPIC - Las Am\u00e9ricas Pain Interventional Center\",\"alternateName\":\"LAPIC - Las Am\u00e9ricas Pain Interventional Center - Dra. Aurea T. Negr\u00f3n Valc\u00e1rcel\",\"url\":\"https:\\\/\\\/lapiccenterpr.com\\\/\",\"logo\":{\"@type\":\"ImageObject\",\"inLanguage\":\"en-US\",\"@id\":\"https:\\\/\\\/lapiccenterpr.com\\\/#\\\/schema\\\/logo\\\/image\\\/\",\"url\":\"https:\\\/\\\/lapiccenterpr.com\\\/wp-content\\\/uploads\\\/2024\\\/01\\\/LAPIC-LOGO.webp\",\"contentUrl\":\"https:\\\/\\\/lapiccenterpr.com\\\/wp-content\\\/uploads\\\/2024\\\/01\\\/LAPIC-LOGO.webp\",\"width\":163,\"height\":126,\"caption\":\"LAPIC - Las Am\u00e9ricas Pain Interventional Center\"},\"image\":{\"@id\":\"https:\\\/\\\/lapiccenterpr.com\\\/#\\\/schema\\\/logo\\\/image\\\/\"},\"sameAs\":[\"https:\\\/\\\/www.facebook.com\\\/LapicCenter\"]}]}<\/script>\n<!-- \/ Yoast SEO plugin. -->","yoast_head_json":{"title":"Terapia natural en San Juan | Tratamiento para dolor e inflamaci\u00f3n","description":"LAPIC San Juan: terapia PRP natural y regenerativa para dolor cr\u00f3nico, artritis, tendinitis y lesiones articulares.","robots":{"index":"index","follow":"follow","max-snippet":"max-snippet:-1","max-image-preview":"max-image-preview:large","max-video-preview":"max-video-preview:-1"},"canonical":"https:\/\/lapiccenterpr.com\/en\/medicina-regenerativa\/","og_locale":"en_US","og_type":"article","og_title":"Terapia natural en San Juan | Tratamiento para dolor e inflamaci\u00f3n","og_description":"LAPIC San Juan: terapia PRP natural y regenerativa para dolor cr\u00f3nico, artritis, tendinitis y lesiones articulares.","og_url":"https:\/\/lapiccenterpr.com\/en\/medicina-regenerativa\/","og_site_name":"LAPIC - Las Am\u00e9ricas Pain Interventional Center","article_publisher":"https:\/\/www.facebook.com\/LapicCenter","article_modified_time":"2025-09-30T15:26:46+00:00","og_image":[{"width":163,"height":126,"url":"https:\/\/lapiccenterpr.com\/wp-content\/uploads\/2024\/01\/LAPIC-LOGO.webp","type":"image\/webp"}],"twitter_card":"summary_large_image","twitter_title":"Terapia natural en San Juan | Tratamiento para dolor e inflamaci\u00f3n","twitter_description":"LAPIC San Juan: terapia PRP natural y regenerativa para dolor cr\u00f3nico, artritis, tendinitis y lesiones articulares.","twitter_misc":{"Est. reading time":"1 minute"},"schema":{"@context":"https:\/\/schema.org","@graph":[{"@type":"WebPage","@id":"https:\/\/lapiccenterpr.com\/medicina-regenerativa\/","url":"https:\/\/lapiccenterpr.com\/medicina-regenerativa\/","name":"Terapia natural en San Juan | Tratamiento para dolor e inflamaci\u00f3n","isPartOf":{"@id":"https:\/\/lapiccenterpr.com\/#website"},"datePublished":"2024-02-01T13:46:44+00:00","dateModified":"2025-09-30T15:26:46+00:00","description":"LAPIC San Juan: terapia PRP natural y regenerativa para dolor cr\u00f3nico, artritis, tendinitis y lesiones articulares.","breadcrumb":{"@id":"https:\/\/lapiccenterpr.com\/medicina-regenerativa\/#breadcrumb"},"inLanguage":"en-US","potentialAction":[{"@type":"ReadAction","target":["https:\/\/lapiccenterpr.com\/medicina-regenerativa\/"]}]},{"@type":"BreadcrumbList","@id":"https:\/\/lapiccenterpr.com\/medicina-regenerativa\/#breadcrumb","itemListElement":[{"@type":"ListItem","position":1,"name":"Home","item":"https:\/\/lapiccenterpr.com\/"},{"@type":"ListItem","position":2,"name":"TERAPIA NATURAL"}]},{"@type":"WebSite","@id":"https:\/\/lapiccenterpr.com\/#website","url":"https:\/\/lapiccenterpr.com\/","name":"LAPIC - Las Am\u00e9ricas Pain Interventional Center","description":"Centro especializado en el manejo del dolor agudo y cr\u00f3nico","publisher":{"@id":"https:\/\/lapiccenterpr.com\/#organization"},"alternateName":"LAPIC - Las Am\u00e9ricas Pain Interventional Center - Dra. Aurea T. Negr\u00f3n Valc\u00e1rcel","potentialAction":[{"@type":"SearchAction","target":{"@type":"EntryPoint","urlTemplate":"https:\/\/lapiccenterpr.com\/?s={search_term_string}"},"query-input":{"@type":"PropertyValueSpecification","valueRequired":true,"valueName":"search_term_string"}}],"inLanguage":"en-US"},{"@type":"Organization","@id":"https:\/\/lapiccenterpr.com\/#organization","name":"LAPIC - Las Am\u00e9ricas Pain Interventional Center","alternateName":"LAPIC - Las Am\u00e9ricas Pain Interventional Center - Dra. Aurea T. Negr\u00f3n Valc\u00e1rcel","url":"https:\/\/lapiccenterpr.com\/","logo":{"@type":"ImageObject","inLanguage":"en-US","@id":"https:\/\/lapiccenterpr.com\/#\/schema\/logo\/image\/","url":"https:\/\/lapiccenterpr.com\/wp-content\/uploads\/2024\/01\/LAPIC-LOGO.webp","contentUrl":"https:\/\/lapiccenterpr.com\/wp-content\/uploads\/2024\/01\/LAPIC-LOGO.webp","width":163,"height":126,"caption":"LAPIC - Las Am\u00e9ricas Pain Interventional Center"},"image":{"@id":"https:\/\/lapiccenterpr.com\/#\/schema\/logo\/image\/"},"sameAs":["https:\/\/www.facebook.com\/LapicCenter"]}]}},"_links":{"self":[{"href":"https:\/\/lapiccenterpr.com\/en\/wp-json\/wp\/v2\/pages\/78","targetHints":{"allow":["GET"]}}],"collection":[{"href":"https:\/\/lapiccenterpr.com\/en\/wp-json\/wp\/v2\/pages"}],"about":[{"href":"https:\/\/lapiccenterpr.com\/en\/wp-json\/wp\/v2\/types\/page"}],"author":[{"embeddable":true,"href":"https:\/\/lapiccenterpr.com\/en\/wp-json\/wp\/v2\/users\/1"}],"replies":[{"embeddable":true,"href":"https:\/\/lapiccenterpr.com\/en\/wp-json\/wp\/v2\/comments?post=78"}],"version-history":[{"count":6,"href":"https:\/\/lapiccenterpr.com\/en\/wp-json\/wp\/v2\/pages\/78\/revisions"}],"predecessor-version":[{"id":770,"href":"https:\/\/lapiccenterpr.com\/en\/wp-json\/wp\/v2\/pages\/78\/revisions\/770"}],"wp:attachment":[{"href":"https:\/\/lapiccenterpr.com\/en\/wp-json\/wp\/v2\/media?parent=78"}],"curies":[{"name":"wp","href":"https:\/\/api.w.org\/{rel}","templated":true}]}}