{"id":76,"date":"2024-02-01T13:46:06","date_gmt":"2024-02-01T13:46:06","guid":{"rendered":"https:\/\/lapiccenterpr.com\/lapiccenterpr\/?page_id=76"},"modified":"2025-10-09T13:19:04","modified_gmt":"2025-10-09T13:19:04","slug":"tratamiento-rejuvenecedor","status":"publish","type":"page","link":"https:\/\/lapiccenterpr.com\/en\/tratamiento-rejuvenecedor\/","title":{"rendered":"REJUVENATING TREATMENT"},"content":{"rendered":"<div data-elementor-type=\"wp-page\" data-elementor-id=\"76\" class=\"elementor elementor-76\" data-elementor-settings=\"{&quot;ha_cmc_init_switcher&quot;:&quot;no&quot;}\">\n\t\t\t\t<div class=\"elementor-element elementor-element-6df0a2b e-flex e-con-boxed elementor-invisible e-con e-parent\" data-id=\"6df0a2b\" data-element_type=\"container\" data-e-type=\"container\" data-settings=\"{&quot;background_background&quot;:&quot;classic&quot;,&quot;jet_parallax_layout_list&quot;:[],&quot;animation&quot;:&quot;fadeInUp&quot;,&quot;_ha_eqh_enable&quot;:false}\">\n\t\t\t\t\t<div class=\"e-con-inner\">\n\t\t\t\t<div class=\"elementor-element elementor-element-a810567 elementor-widget__width-initial elementor-widget elementor-widget-heading\" data-id=\"a810567\" data-element_type=\"widget\" data-e-type=\"widget\" data-widget_type=\"heading.default\">\n\t\t\t\t<div class=\"elementor-widget-container\">\n\t\t\t\t\t<h1 class=\"elementor-heading-title elementor-size-default\">REDUCES THE APPEARANCE OF LINES ON YOUR FACE<\/h1>\t\t\t\t<\/div>\n\t\t\t\t<\/div>\n\t\t\t\t<div class=\"elementor-element elementor-element-a40228c elementor-widget__width-initial elementor-widget elementor-widget-heading\" data-id=\"a40228c\" data-element_type=\"widget\" data-e-type=\"widget\" data-widget_type=\"heading.default\">\n\t\t\t\t<div class=\"elementor-widget-container\">\n\t\t\t\t\t<h2 class=\"elementor-heading-title elementor-size-default\">Discover our Anti-aging procedures at LAPIC Center.<\/h2>\t\t\t\t<\/div>\n\t\t\t\t<\/div>\n\t\t\t\t<div class=\"elementor-element elementor-element-87c37b1 pa-icon-pos-before premium-lq__none elementor-widget elementor-widget-premium-addon-button\" data-id=\"87c37b1\" data-element_type=\"widget\" data-e-type=\"widget\" data-widget_type=\"premium-addon-button.default\">\n\t\t\t\t<div class=\"elementor-widget-container\">\n\t\t\t\t\t\n\n\t\t<a class=\"premium-button premium-button-none premium-btn-lg premium-button-none\" href=\"https:\/\/lapiccenterpr.com\/en\/contacto\/\">\n\t\t\t<div class=\"premium-button-text-icon-wrapper\">\n\t\t\t\t\n\t\t\t\t\t\t\t\t\t\t\t\t\t\t\t\t\t\t\t\t\t\t\t\t\t\t\t\t\t\t\t\t\t\n\t\t\t\t\t\t\t\t\t<span >\n\t\t\t\t\t\t Make Your Appointment\t\t\t\t\t<\/span>\n\t\t\t\t\t\t\t<\/div>\n\n\t\t\t\n\t\t\t\n\t\t\t\n\t\t<\/a>\n\n\n\t\t\t\t\t\t<\/div>\n\t\t\t\t<\/div>\n\t\t\t\t\t<\/div>\n\t\t\t\t<\/div>\n\t\t<div class=\"elementor-element elementor-element-4c55d62 e-con-full e-flex elementor-invisible e-con e-parent\" data-id=\"4c55d62\" data-element_type=\"container\" data-e-type=\"container\" data-settings=\"{&quot;jet_parallax_layout_list&quot;:[],&quot;animation&quot;:&quot;fadeIn&quot;,&quot;_ha_eqh_enable&quot;:false}\">\n\t\t<div class=\"elementor-element elementor-element-2cfe82d e-con-full e-flex e-con e-child\" data-id=\"2cfe82d\" data-element_type=\"container\" data-e-type=\"container\" data-settings=\"{&quot;jet_parallax_layout_list&quot;:[],&quot;_ha_eqh_enable&quot;:false}\">\n\t\t<div class=\"elementor-element elementor-element-2e53e2e e-con-full e-flex e-con e-child\" data-id=\"2e53e2e\" data-element_type=\"container\" data-e-type=\"container\" data-settings=\"{&quot;jet_parallax_layout_list&quot;:[],&quot;_ha_eqh_enable&quot;:false}\">\n\t\t\t\t<div class=\"elementor-element elementor-element-cc1f1be elementor-widget elementor-widget-heading\" data-id=\"cc1f1be\" data-element_type=\"widget\" data-e-type=\"widget\" data-widget_type=\"heading.default\">\n\t\t\t\t<div class=\"elementor-widget-container\">\n\t\t\t\t\t<h2 class=\"elementor-heading-title elementor-size-default\">REJUVENATING TREATMENT<\/h2>\t\t\t\t<\/div>\n\t\t\t\t<\/div>\n\t\t\t\t<div class=\"elementor-element elementor-element-1fdab9f elementor-widget__width-inherit elementor-widget elementor-widget-text-editor\" data-id=\"1fdab9f\" data-element_type=\"widget\" data-e-type=\"widget\" data-widget_type=\"text-editor.default\">\n\t\t\t\t<div class=\"elementor-widget-container\">\n\t\t\t\t\t\t\t\t\t<p class=\"font_8 wixui-rich-text__text\">We offer the first FDA-approved prescription product of this caliber that temporarily improves the appearance of moderate to severe frown lines and crow\u2019s feet in adults. There are multiple uses for this solution, including other areas of the face (such as the forehead) or for other concerns like excessive sweating.\u00a0<\/p><p class=\"font_8 wixui-rich-text__text\">Unlike other invasive facial rejuvenation procedures, the treatment takes only minutes. Using the finest needle, the solution is injected into the facial muscles responsible for creating wrinkles, fine lines, and folds, relaxing those muscles.<\/p>\t\t\t\t\t\t\t\t<\/div>\n\t\t\t\t<\/div>\n\t\t\t\t<\/div>\n\t\t\t\t<\/div>\n\t\t<div class=\"elementor-element elementor-element-b908e19 e-con-full e-flex e-con e-child\" data-id=\"b908e19\" data-element_type=\"container\" data-e-type=\"container\" data-settings=\"{&quot;background_background&quot;:&quot;classic&quot;,&quot;jet_parallax_layout_list&quot;:[],&quot;_ha_eqh_enable&quot;:false}\">\n\t\t<div class=\"elementor-element elementor-element-fe48841 e-con-full e-flex e-con e-child\" data-id=\"fe48841\" data-element_type=\"container\" data-e-type=\"container\" data-settings=\"{&quot;background_background&quot;:&quot;classic&quot;,&quot;jet_parallax_layout_list&quot;:[],&quot;_ha_eqh_enable&quot;:false}\">\n\t\t\t\t<\/div>\n\t\t\t\t<\/div>\n\t\t\t\t<\/div>\n\t\t\t\t<\/div>","protected":false},"excerpt":{"rendered":"<p>REDUCE LA APARIENCIA DE LAS L\u00cdNEAS EN SU ROSTRO DESCUBRE NUESTRO PROCEDIMIENTO EN LAPIC Cont\u00e1ctanos TRATAMIENTO REJUVENECEDOR Ofrecemos el primer producto recetado aprobado por la FDA de este calibre que mejora temporalmente la apariencia de las l\u00edneas moderadas y severas del entrecejo, y las patas de gallo en adultos. Hay m\u00faltiples usos para esta soluci\u00f3n, [&hellip;]<\/p>\n","protected":false},"author":1,"featured_media":0,"parent":0,"menu_order":0,"comment_status":"closed","ping_status":"closed","template":"","meta":{"_joinchat":[],"footnotes":""},"class_list":["post-76","page","type-page","status-publish","hentry"],"yoast_head":"<!-- This site is optimized with the Yoast SEO plugin v27.5 - https:\/\/yoast.com\/product\/yoast-seo-wordpress\/ -->\n<title>Tratamiento rejuvenecedor facial en San Juan | LAPIC Center<\/title>\n<meta name=\"description\" content=\"LAPIC Center en San Juan: tratamientos rejuvenecedores aprobados por la FDA para reducir arrugas y l\u00edneas de expresi\u00f3n. Agenda tu cita.\" \/>\n<meta name=\"robots\" content=\"index, follow, max-snippet:-1, max-image-preview:large, max-video-preview:-1\" \/>\n<link rel=\"canonical\" href=\"https:\/\/lapiccenterpr.com\/en\/tratamiento-rejuvenecedor\/\" \/>\n<meta property=\"og:locale\" content=\"en_US\" \/>\n<meta property=\"og:type\" content=\"article\" \/>\n<meta property=\"og:title\" content=\"Tratamiento rejuvenecedor facial en San Juan | LAPIC Center\" \/>\n<meta property=\"og:description\" content=\"LAPIC Center en San Juan: tratamientos rejuvenecedores aprobados por la FDA para reducir arrugas y l\u00edneas de expresi\u00f3n. Agenda tu cita.\" \/>\n<meta property=\"og:url\" content=\"https:\/\/lapiccenterpr.com\/en\/tratamiento-rejuvenecedor\/\" \/>\n<meta property=\"og:site_name\" content=\"LAPIC - Las Am\u00e9ricas Pain Interventional Center\" \/>\n<meta property=\"article:publisher\" content=\"https:\/\/www.facebook.com\/LapicCenter\" \/>\n<meta property=\"article:modified_time\" content=\"2025-10-09T13:19:04+00:00\" \/>\n<meta property=\"og:image\" content=\"https:\/\/lapiccenterpr.com\/wp-content\/uploads\/2024\/01\/LAPIC-LOGO.webp\" \/>\n\t<meta property=\"og:image:width\" content=\"163\" \/>\n\t<meta property=\"og:image:height\" content=\"126\" \/>\n\t<meta property=\"og:image:type\" content=\"image\/webp\" \/>\n<meta name=\"twitter:card\" content=\"summary_large_image\" \/>\n<meta name=\"twitter:title\" content=\"Tratamiento rejuvenecedor facial en San Juan | LAPIC Center\" \/>\n<meta name=\"twitter:description\" content=\"LAPIC Center en San Juan: tratamientos rejuvenecedores aprobados por la FDA para reducir arrugas y l\u00edneas de expresi\u00f3n. Agenda tu cita.\" \/>\n<meta name=\"twitter:label1\" content=\"Est. reading time\" \/>\n\t<meta name=\"twitter:data1\" content=\"1 minute\" \/>\n<script type=\"application\/ld+json\" class=\"yoast-schema-graph\">{\"@context\":\"https:\\\/\\\/schema.org\",\"@graph\":[{\"@type\":\"WebPage\",\"@id\":\"https:\\\/\\\/lapiccenterpr.com\\\/tratamiento-rejuvenecedor\\\/\",\"url\":\"https:\\\/\\\/lapiccenterpr.com\\\/tratamiento-rejuvenecedor\\\/\",\"name\":\"Tratamiento rejuvenecedor facial en San Juan | LAPIC Center\",\"isPartOf\":{\"@id\":\"https:\\\/\\\/lapiccenterpr.com\\\/#website\"},\"datePublished\":\"2024-02-01T13:46:06+00:00\",\"dateModified\":\"2025-10-09T13:19:04+00:00\",\"description\":\"LAPIC Center en San Juan: tratamientos rejuvenecedores aprobados por la FDA para reducir arrugas y l\u00edneas de expresi\u00f3n. Agenda tu cita.\",\"breadcrumb\":{\"@id\":\"https:\\\/\\\/lapiccenterpr.com\\\/tratamiento-rejuvenecedor\\\/#breadcrumb\"},\"inLanguage\":\"en-US\",\"potentialAction\":[{\"@type\":\"ReadAction\",\"target\":[\"https:\\\/\\\/lapiccenterpr.com\\\/tratamiento-rejuvenecedor\\\/\"]}]},{\"@type\":\"BreadcrumbList\",\"@id\":\"https:\\\/\\\/lapiccenterpr.com\\\/tratamiento-rejuvenecedor\\\/#breadcrumb\",\"itemListElement\":[{\"@type\":\"ListItem\",\"position\":1,\"name\":\"Home\",\"item\":\"https:\\\/\\\/lapiccenterpr.com\\\/\"},{\"@type\":\"ListItem\",\"position\":2,\"name\":\"TRATAMIENTO REJUVENECEDOR\"}]},{\"@type\":\"WebSite\",\"@id\":\"https:\\\/\\\/lapiccenterpr.com\\\/#website\",\"url\":\"https:\\\/\\\/lapiccenterpr.com\\\/\",\"name\":\"LAPIC - Las Am\u00e9ricas Pain Interventional Center\",\"description\":\"Centro especializado en el manejo del dolor agudo y cr\u00f3nico\",\"publisher\":{\"@id\":\"https:\\\/\\\/lapiccenterpr.com\\\/#organization\"},\"alternateName\":\"LAPIC - Las Am\u00e9ricas Pain Interventional Center - Dra. Aurea T. Negr\u00f3n Valc\u00e1rcel\",\"potentialAction\":[{\"@type\":\"SearchAction\",\"target\":{\"@type\":\"EntryPoint\",\"urlTemplate\":\"https:\\\/\\\/lapiccenterpr.com\\\/?s={search_term_string}\"},\"query-input\":{\"@type\":\"PropertyValueSpecification\",\"valueRequired\":true,\"valueName\":\"search_term_string\"}}],\"inLanguage\":\"en-US\"},{\"@type\":\"Organization\",\"@id\":\"https:\\\/\\\/lapiccenterpr.com\\\/#organization\",\"name\":\"LAPIC - Las Am\u00e9ricas Pain Interventional Center\",\"alternateName\":\"LAPIC - Las Am\u00e9ricas Pain Interventional Center - Dra. Aurea T. Negr\u00f3n Valc\u00e1rcel\",\"url\":\"https:\\\/\\\/lapiccenterpr.com\\\/\",\"logo\":{\"@type\":\"ImageObject\",\"inLanguage\":\"en-US\",\"@id\":\"https:\\\/\\\/lapiccenterpr.com\\\/#\\\/schema\\\/logo\\\/image\\\/\",\"url\":\"https:\\\/\\\/lapiccenterpr.com\\\/wp-content\\\/uploads\\\/2024\\\/01\\\/LAPIC-LOGO.webp\",\"contentUrl\":\"https:\\\/\\\/lapiccenterpr.com\\\/wp-content\\\/uploads\\\/2024\\\/01\\\/LAPIC-LOGO.webp\",\"width\":163,\"height\":126,\"caption\":\"LAPIC - Las Am\u00e9ricas Pain Interventional Center\"},\"image\":{\"@id\":\"https:\\\/\\\/lapiccenterpr.com\\\/#\\\/schema\\\/logo\\\/image\\\/\"},\"sameAs\":[\"https:\\\/\\\/www.facebook.com\\\/LapicCenter\"]}]}<\/script>\n<!-- \/ Yoast SEO plugin. -->","yoast_head_json":{"title":"Tratamiento rejuvenecedor facial en San Juan | LAPIC Center","description":"LAPIC Center en San Juan: tratamientos rejuvenecedores aprobados por la FDA para reducir arrugas y l\u00edneas de expresi\u00f3n. Agenda tu cita.","robots":{"index":"index","follow":"follow","max-snippet":"max-snippet:-1","max-image-preview":"max-image-preview:large","max-video-preview":"max-video-preview:-1"},"canonical":"https:\/\/lapiccenterpr.com\/en\/tratamiento-rejuvenecedor\/","og_locale":"en_US","og_type":"article","og_title":"Tratamiento rejuvenecedor facial en San Juan | LAPIC Center","og_description":"LAPIC Center en San Juan: tratamientos rejuvenecedores aprobados por la FDA para reducir arrugas y l\u00edneas de expresi\u00f3n. Agenda tu cita.","og_url":"https:\/\/lapiccenterpr.com\/en\/tratamiento-rejuvenecedor\/","og_site_name":"LAPIC - Las Am\u00e9ricas Pain Interventional Center","article_publisher":"https:\/\/www.facebook.com\/LapicCenter","article_modified_time":"2025-10-09T13:19:04+00:00","og_image":[{"width":163,"height":126,"url":"https:\/\/lapiccenterpr.com\/wp-content\/uploads\/2024\/01\/LAPIC-LOGO.webp","type":"image\/webp"}],"twitter_card":"summary_large_image","twitter_title":"Tratamiento rejuvenecedor facial en San Juan | LAPIC Center","twitter_description":"LAPIC Center en San Juan: tratamientos rejuvenecedores aprobados por la FDA para reducir arrugas y l\u00edneas de expresi\u00f3n. Agenda tu cita.","twitter_misc":{"Est. reading time":"1 minute"},"schema":{"@context":"https:\/\/schema.org","@graph":[{"@type":"WebPage","@id":"https:\/\/lapiccenterpr.com\/tratamiento-rejuvenecedor\/","url":"https:\/\/lapiccenterpr.com\/tratamiento-rejuvenecedor\/","name":"Tratamiento rejuvenecedor facial en San Juan | LAPIC Center","isPartOf":{"@id":"https:\/\/lapiccenterpr.com\/#website"},"datePublished":"2024-02-01T13:46:06+00:00","dateModified":"2025-10-09T13:19:04+00:00","description":"LAPIC Center en San Juan: tratamientos rejuvenecedores aprobados por la FDA para reducir arrugas y l\u00edneas de expresi\u00f3n. Agenda tu cita.","breadcrumb":{"@id":"https:\/\/lapiccenterpr.com\/tratamiento-rejuvenecedor\/#breadcrumb"},"inLanguage":"en-US","potentialAction":[{"@type":"ReadAction","target":["https:\/\/lapiccenterpr.com\/tratamiento-rejuvenecedor\/"]}]},{"@type":"BreadcrumbList","@id":"https:\/\/lapiccenterpr.com\/tratamiento-rejuvenecedor\/#breadcrumb","itemListElement":[{"@type":"ListItem","position":1,"name":"Home","item":"https:\/\/lapiccenterpr.com\/"},{"@type":"ListItem","position":2,"name":"TRATAMIENTO REJUVENECEDOR"}]},{"@type":"WebSite","@id":"https:\/\/lapiccenterpr.com\/#website","url":"https:\/\/lapiccenterpr.com\/","name":"LAPIC - Las Am\u00e9ricas Pain Interventional Center","description":"Centro especializado en el manejo del dolor agudo y cr\u00f3nico","publisher":{"@id":"https:\/\/lapiccenterpr.com\/#organization"},"alternateName":"LAPIC - Las Am\u00e9ricas Pain Interventional Center - Dra. Aurea T. Negr\u00f3n Valc\u00e1rcel","potentialAction":[{"@type":"SearchAction","target":{"@type":"EntryPoint","urlTemplate":"https:\/\/lapiccenterpr.com\/?s={search_term_string}"},"query-input":{"@type":"PropertyValueSpecification","valueRequired":true,"valueName":"search_term_string"}}],"inLanguage":"en-US"},{"@type":"Organization","@id":"https:\/\/lapiccenterpr.com\/#organization","name":"LAPIC - Las Am\u00e9ricas Pain Interventional Center","alternateName":"LAPIC - Las Am\u00e9ricas Pain Interventional Center - Dra. Aurea T. Negr\u00f3n Valc\u00e1rcel","url":"https:\/\/lapiccenterpr.com\/","logo":{"@type":"ImageObject","inLanguage":"en-US","@id":"https:\/\/lapiccenterpr.com\/#\/schema\/logo\/image\/","url":"https:\/\/lapiccenterpr.com\/wp-content\/uploads\/2024\/01\/LAPIC-LOGO.webp","contentUrl":"https:\/\/lapiccenterpr.com\/wp-content\/uploads\/2024\/01\/LAPIC-LOGO.webp","width":163,"height":126,"caption":"LAPIC - Las Am\u00e9ricas Pain Interventional Center"},"image":{"@id":"https:\/\/lapiccenterpr.com\/#\/schema\/logo\/image\/"},"sameAs":["https:\/\/www.facebook.com\/LapicCenter"]}]}},"_links":{"self":[{"href":"https:\/\/lapiccenterpr.com\/en\/wp-json\/wp\/v2\/pages\/76","targetHints":{"allow":["GET"]}}],"collection":[{"href":"https:\/\/lapiccenterpr.com\/en\/wp-json\/wp\/v2\/pages"}],"about":[{"href":"https:\/\/lapiccenterpr.com\/en\/wp-json\/wp\/v2\/types\/page"}],"author":[{"embeddable":true,"href":"https:\/\/lapiccenterpr.com\/en\/wp-json\/wp\/v2\/users\/1"}],"replies":[{"embeddable":true,"href":"https:\/\/lapiccenterpr.com\/en\/wp-json\/wp\/v2\/comments?post=76"}],"version-history":[{"count":6,"href":"https:\/\/lapiccenterpr.com\/en\/wp-json\/wp\/v2\/pages\/76\/revisions"}],"predecessor-version":[{"id":826,"href":"https:\/\/lapiccenterpr.com\/en\/wp-json\/wp\/v2\/pages\/76\/revisions\/826"}],"wp:attachment":[{"href":"https:\/\/lapiccenterpr.com\/en\/wp-json\/wp\/v2\/media?parent=76"}],"curies":[{"name":"wp","href":"https:\/\/api.w.org\/{rel}","templated":true}]}}