{"id":69,"date":"2024-02-01T13:43:15","date_gmt":"2024-02-01T13:43:15","guid":{"rendered":"https:\/\/lapiccenterpr.com\/lapiccenterpr\/?page_id=69"},"modified":"2025-09-30T15:18:10","modified_gmt":"2025-09-30T15:18:10","slug":"sobre-nosotros","status":"publish","type":"page","link":"https:\/\/lapiccenterpr.com\/en\/sobre-nosotros\/","title":{"rendered":"ABOUT US"},"content":{"rendered":"<div data-elementor-type=\"wp-page\" data-elementor-id=\"69\" class=\"elementor elementor-69\" data-elementor-settings=\"{&quot;ha_cmc_init_switcher&quot;:&quot;no&quot;}\">\n\t\t\t\t<div class=\"elementor-element elementor-element-b662940 e-flex e-con-boxed elementor-invisible e-con e-parent\" data-id=\"b662940\" data-element_type=\"container\" data-e-type=\"container\" data-settings=\"{&quot;background_background&quot;:&quot;classic&quot;,&quot;jet_parallax_layout_list&quot;:[],&quot;animation&quot;:&quot;fadeIn&quot;,&quot;_ha_eqh_enable&quot;:false}\">\n\t\t\t\t\t<div class=\"e-con-inner\">\n\t\t\t\t<div class=\"elementor-element elementor-element-3ae2b80 elementor-widget__width-initial elementor-widget elementor-widget-heading\" data-id=\"3ae2b80\" data-element_type=\"widget\" data-e-type=\"widget\" data-widget_type=\"heading.default\">\n\t\t\t\t<div class=\"elementor-widget-container\">\n\t\t\t\t\t<h1 class=\"elementor-heading-title elementor-size-default\">TAKE CONTROL OF YOUR QUALITY OF LIFE WITH LAPIC CENTER <\/h1>\t\t\t\t<\/div>\n\t\t\t\t<\/div>\n\t\t\t\t<div class=\"elementor-element elementor-element-630209e elementor-widget__width-initial elementor-widget elementor-widget-heading\" data-id=\"630209e\" data-element_type=\"widget\" data-e-type=\"widget\" data-widget_type=\"heading.default\">\n\t\t\t\t<div class=\"elementor-widget-container\">\n\t\t\t\t\t<h2 class=\"elementor-heading-title elementor-size-default\">Dr. \u00c1urea Negr\u00f3n is ready to help you achieve it.<\/h2>\t\t\t\t<\/div>\n\t\t\t\t<\/div>\n\t\t\t\t<div class=\"elementor-element elementor-element-ecbe32b pa-icon-pos-before premium-lq__none elementor-widget elementor-widget-premium-addon-button\" data-id=\"ecbe32b\" data-element_type=\"widget\" data-e-type=\"widget\" data-widget_type=\"premium-addon-button.default\">\n\t\t\t\t<div class=\"elementor-widget-container\">\n\t\t\t\t\t\n\n\t\t<a class=\"premium-button premium-button-none premium-btn-lg premium-button-none\" href=\"https:\/\/lapiccenterpr.com\/en\/contacto\/\">\n\t\t\t<div class=\"premium-button-text-icon-wrapper\">\n\t\t\t\t\n\t\t\t\t\t\t\t\t\t\t\t\t\t\t\t\t\t\t<svg xmlns=\"http:\/\/www.w3.org\/2000\/svg\" data-bbox=\"20 25 160.001 150\" viewbox=\"0 0 200 200\" data-type=\"shape\"><g><path d=\"M35.738 25C27.046 25 20 32.005 20 40.646V175l39.907-39.547h104.356c8.692 0 15.738-7.005 15.738-15.646V40.646C180 32.005 172.954 25 164.262 25H35.738zm24.131 62.155c-8.749-11.354 4.237-24.214 15.688-15.53 8.7 11.357-4.248 24.165-15.688 15.53zm34.002 0c-8.749-11.354 4.237-24.214 15.688-15.53 8.7 11.357-4.248 24.165-15.688 15.53zm34.002 0c-8.749-11.354 4.237-24.214 15.688-15.53 8.7 11.357-4.248 24.165-15.688 15.53z\"><\/path><\/g><\/svg>\t\t\t\t\t\t\t\t\t\t\t\t\t\t\t\n\t\t\t\t\t\t\t\t\t<span >\n\t\t\t\t\t\tCONTACT US\t\t\t\t\t<\/span>\n\t\t\t\t\t\t\t<\/div>\n\n\t\t\t\n\t\t\t\n\t\t\t\n\t\t<\/a>\n\n\n\t\t\t\t\t\t<\/div>\n\t\t\t\t<\/div>\n\t\t\t\t\t<\/div>\n\t\t\t\t<\/div>\n\t\t<div class=\"elementor-element elementor-element-167c9cd e-flex e-con-boxed elementor-invisible e-con e-parent\" data-id=\"167c9cd\" data-element_type=\"container\" data-e-type=\"container\" data-settings=\"{&quot;jet_parallax_layout_list&quot;:[],&quot;animation&quot;:&quot;fadeIn&quot;,&quot;_ha_eqh_enable&quot;:false}\">\n\t\t\t\t\t<div class=\"e-con-inner\">\n\t\t<div class=\"elementor-element elementor-element-ce62f3c e-con-full e-flex e-con e-child\" data-id=\"ce62f3c\" data-element_type=\"container\" data-e-type=\"container\" data-settings=\"{&quot;background_background&quot;:&quot;classic&quot;,&quot;jet_parallax_layout_list&quot;:[],&quot;_ha_eqh_enable&quot;:false}\">\n\t\t<div class=\"elementor-element elementor-element-c6dc283 e-con-full e-flex e-con e-child\" data-id=\"c6dc283\" data-element_type=\"container\" data-e-type=\"container\" data-settings=\"{&quot;background_background&quot;:&quot;classic&quot;,&quot;jet_parallax_layout_list&quot;:[],&quot;_ha_eqh_enable&quot;:false}\">\n\t\t\t\t<\/div>\n\t\t\t\t<\/div>\n\t\t<div class=\"elementor-element elementor-element-8d1e82f e-con-full e-flex e-con e-child\" data-id=\"8d1e82f\" data-element_type=\"container\" data-e-type=\"container\" data-settings=\"{&quot;jet_parallax_layout_list&quot;:[],&quot;_ha_eqh_enable&quot;:false}\">\n\t\t\t\t<div class=\"elementor-element elementor-element-65d01bf elementor-widget elementor-widget-heading\" data-id=\"65d01bf\" data-element_type=\"widget\" data-e-type=\"widget\" data-widget_type=\"heading.default\">\n\t\t\t\t<div class=\"elementor-widget-container\">\n\t\t\t\t\t<h2 class=\"elementor-heading-title elementor-size-default\">DR. \u00c1UREA T NEGR\u00d3N VALC\u00c1RCEL, MD, SITP<\/h2>\t\t\t\t<\/div>\n\t\t\t\t<\/div>\n\t\t\t\t<div class=\"elementor-element elementor-element-065101d elementor-widget__width-initial elementor-widget elementor-widget-text-editor\" data-id=\"065101d\" data-element_type=\"widget\" data-e-type=\"widget\" data-widget_type=\"text-editor.default\">\n\t\t\t\t<div class=\"elementor-widget-container\">\n\t\t\t\t\t\t\t\t\t<p class=\"font_8 wixui-rich-text__text\">Dr. \u00c1urea T Negr\u00f3n Valc\u00e1rcel, MD, SITP (Fellowship in Pain Practice) is a specialist in anesthesiology and pain management. Her specialized medical practice in the area of pain management and anti-aging has helped hundreds of patients obtain a better quality of life. In our office we manage chronic pain conditions through a myriad of advanced treatments.<\/p><p class=\"font_8 wixui-rich-text__text\"><span class=\"wixGuard wixui-rich-text__text\">\u200b<\/span><\/p><p class=\"font_8 wixui-rich-text__text\">If you suffer from pain, it's time to take control of your quality of life. Dr. \u00c1urea T. Negr\u00f3n Valc\u00e1rcel offers you the tools to deal with your condition in a proactive and effective way.\n\n\nOur office is located at The Plaza las Am\u00e9ricas Tower, Suite #617.<\/p>\t\t\t\t\t\t\t\t<\/div>\n\t\t\t\t<\/div>\n\t\t\t\t<div class=\"elementor-element elementor-element-c19c594 pa-icon-pos-before premium-lq__none elementor-widget elementor-widget-premium-addon-button\" data-id=\"c19c594\" data-element_type=\"widget\" data-e-type=\"widget\" data-widget_type=\"premium-addon-button.default\">\n\t\t\t\t<div class=\"elementor-widget-container\">\n\t\t\t\t\t\n\n\t\t<a class=\"premium-button premium-button-none premium-btn-lg premium-button-none\" href=\"https:\/\/lapiccenterpr.com\/en\/manejo-del-dolor\/\">\n\t\t\t<div class=\"premium-button-text-icon-wrapper\">\n\t\t\t\t\n\t\t\t\t\t\t\t\t\t\t\t\t\t\t\t\t\t\t<i aria-hidden=\"true\" class=\"premium-drawable-icon premium-svg-nodraw icon icon-arrow-right\"><\/i>\t\t\t\t\t\t\t\t\t\t\t\t\t\t\t\n\t\t\t\t\t\t\t\t\t<span >\n\t\t\t\t\t\tPain Management\t\t\t\t\t<\/span>\n\t\t\t\t\t\t\t<\/div>\n\n\t\t\t\n\t\t\t\n\t\t\t\n\t\t<\/a>\n\n\n\t\t\t\t\t\t<\/div>\n\t\t\t\t<\/div>\n\t\t\t\t<\/div>\n\t\t\t\t\t<\/div>\n\t\t\t\t<\/div>\n\t\t\t\t<\/div>","protected":false},"excerpt":{"rendered":"<p>TOMA CONTROL DE TU CALIDAD DE VIDA EN LAPIC ESTAMOS LISTOS PARA AYUDARTE, LO PUEDES LOGRAR CONT\u00c1CTANOS LAPIC Las Am\u00e9ricas Pain Interventional Center (LAPIC) fue fundado en el a\u00f1o 2008 por la Dra. Aurea Teresa Negr\u00f3n Valc\u00e1rcel, m\u00e9dico con especialidad en anestesiolog\u00eda y sub-especialidad en manejo de dolor. Desde su comienzo la misi\u00f3n de LAPIC [&hellip;]<\/p>\n","protected":false},"author":1,"featured_media":0,"parent":0,"menu_order":0,"comment_status":"closed","ping_status":"closed","template":"","meta":{"_joinchat":[],"footnotes":""},"class_list":["post-69","page","type-page","status-publish","hentry"],"yoast_head":"<!-- This site is optimized with the Yoast SEO plugin v27.5 - https:\/\/yoast.com\/product\/yoast-seo-wordpress\/ -->\n<title>Sobre LAPIC Center | Expertos en manejo del dolor en San Juan<\/title>\n<meta name=\"description\" content=\"LAPIC Center, cl\u00ednica fundada en 2008 por la Dra. Aurea Negr\u00f3n. Especialistas en manejo del dolor en San Juan con enfoque personalizado.\" \/>\n<meta name=\"robots\" content=\"index, follow, max-snippet:-1, max-image-preview:large, max-video-preview:-1\" \/>\n<link rel=\"canonical\" href=\"https:\/\/lapiccenterpr.com\/en\/sobre-nosotros\/\" \/>\n<meta property=\"og:locale\" content=\"en_US\" \/>\n<meta property=\"og:type\" content=\"article\" \/>\n<meta property=\"og:title\" content=\"Sobre LAPIC Center | Expertos en manejo del dolor en San Juan\" \/>\n<meta property=\"og:description\" content=\"LAPIC Center, cl\u00ednica fundada en 2008 por la Dra. Aurea Negr\u00f3n. Especialistas en manejo del dolor en San Juan con enfoque personalizado.\" \/>\n<meta property=\"og:url\" content=\"https:\/\/lapiccenterpr.com\/en\/sobre-nosotros\/\" \/>\n<meta property=\"og:site_name\" content=\"LAPIC - Las Am\u00e9ricas Pain Interventional Center\" \/>\n<meta property=\"article:publisher\" content=\"https:\/\/www.facebook.com\/LapicCenter\" \/>\n<meta property=\"article:modified_time\" content=\"2025-09-30T15:18:10+00:00\" \/>\n<meta property=\"og:image\" content=\"https:\/\/lapiccenterpr.com\/wp-content\/uploads\/2024\/01\/LAPIC-LOGO.webp\" \/>\n\t<meta property=\"og:image:width\" content=\"163\" \/>\n\t<meta property=\"og:image:height\" content=\"126\" \/>\n\t<meta property=\"og:image:type\" content=\"image\/webp\" \/>\n<meta name=\"twitter:card\" content=\"summary_large_image\" \/>\n<meta name=\"twitter:title\" content=\"Sobre LAPIC Center | Expertos en manejo del dolor en San Juan\" \/>\n<meta name=\"twitter:description\" content=\"LAPIC Center, cl\u00ednica fundada en 2008 por la Dra. Aurea Negr\u00f3n. Especialistas en manejo del dolor en San Juan con enfoque personalizado.\" \/>\n<meta name=\"twitter:label1\" content=\"Est. reading time\" \/>\n\t<meta name=\"twitter:data1\" content=\"1 minute\" \/>\n<script type=\"application\/ld+json\" class=\"yoast-schema-graph\">{\"@context\":\"https:\\\/\\\/schema.org\",\"@graph\":[{\"@type\":\"WebPage\",\"@id\":\"https:\\\/\\\/lapiccenterpr.com\\\/sobre-nosotros\\\/\",\"url\":\"https:\\\/\\\/lapiccenterpr.com\\\/sobre-nosotros\\\/\",\"name\":\"Sobre LAPIC Center | Expertos en manejo del dolor en San Juan\",\"isPartOf\":{\"@id\":\"https:\\\/\\\/lapiccenterpr.com\\\/#website\"},\"datePublished\":\"2024-02-01T13:43:15+00:00\",\"dateModified\":\"2025-09-30T15:18:10+00:00\",\"description\":\"LAPIC Center, cl\u00ednica fundada en 2008 por la Dra. Aurea Negr\u00f3n. Especialistas en manejo del dolor en San Juan con enfoque personalizado.\",\"breadcrumb\":{\"@id\":\"https:\\\/\\\/lapiccenterpr.com\\\/sobre-nosotros\\\/#breadcrumb\"},\"inLanguage\":\"en-US\",\"potentialAction\":[{\"@type\":\"ReadAction\",\"target\":[\"https:\\\/\\\/lapiccenterpr.com\\\/sobre-nosotros\\\/\"]}]},{\"@type\":\"BreadcrumbList\",\"@id\":\"https:\\\/\\\/lapiccenterpr.com\\\/sobre-nosotros\\\/#breadcrumb\",\"itemListElement\":[{\"@type\":\"ListItem\",\"position\":1,\"name\":\"Home\",\"item\":\"https:\\\/\\\/lapiccenterpr.com\\\/\"},{\"@type\":\"ListItem\",\"position\":2,\"name\":\"Sobre Nosotros\"}]},{\"@type\":\"WebSite\",\"@id\":\"https:\\\/\\\/lapiccenterpr.com\\\/#website\",\"url\":\"https:\\\/\\\/lapiccenterpr.com\\\/\",\"name\":\"LAPIC - Las Am\u00e9ricas Pain Interventional Center\",\"description\":\"Centro especializado en el manejo del dolor agudo y cr\u00f3nico\",\"publisher\":{\"@id\":\"https:\\\/\\\/lapiccenterpr.com\\\/#organization\"},\"alternateName\":\"LAPIC - Las Am\u00e9ricas Pain Interventional Center - Dra. Aurea T. Negr\u00f3n Valc\u00e1rcel\",\"potentialAction\":[{\"@type\":\"SearchAction\",\"target\":{\"@type\":\"EntryPoint\",\"urlTemplate\":\"https:\\\/\\\/lapiccenterpr.com\\\/?s={search_term_string}\"},\"query-input\":{\"@type\":\"PropertyValueSpecification\",\"valueRequired\":true,\"valueName\":\"search_term_string\"}}],\"inLanguage\":\"en-US\"},{\"@type\":\"Organization\",\"@id\":\"https:\\\/\\\/lapiccenterpr.com\\\/#organization\",\"name\":\"LAPIC - Las Am\u00e9ricas Pain Interventional Center\",\"alternateName\":\"LAPIC - Las Am\u00e9ricas Pain Interventional Center - Dra. Aurea T. Negr\u00f3n Valc\u00e1rcel\",\"url\":\"https:\\\/\\\/lapiccenterpr.com\\\/\",\"logo\":{\"@type\":\"ImageObject\",\"inLanguage\":\"en-US\",\"@id\":\"https:\\\/\\\/lapiccenterpr.com\\\/#\\\/schema\\\/logo\\\/image\\\/\",\"url\":\"https:\\\/\\\/lapiccenterpr.com\\\/wp-content\\\/uploads\\\/2024\\\/01\\\/LAPIC-LOGO.webp\",\"contentUrl\":\"https:\\\/\\\/lapiccenterpr.com\\\/wp-content\\\/uploads\\\/2024\\\/01\\\/LAPIC-LOGO.webp\",\"width\":163,\"height\":126,\"caption\":\"LAPIC - Las Am\u00e9ricas Pain Interventional Center\"},\"image\":{\"@id\":\"https:\\\/\\\/lapiccenterpr.com\\\/#\\\/schema\\\/logo\\\/image\\\/\"},\"sameAs\":[\"https:\\\/\\\/www.facebook.com\\\/LapicCenter\"]}]}<\/script>\n<!-- \/ Yoast SEO plugin. -->","yoast_head_json":{"title":"Sobre LAPIC Center | Expertos en manejo del dolor en San Juan","description":"LAPIC Center, cl\u00ednica fundada en 2008 por la Dra. Aurea Negr\u00f3n. Especialistas en manejo del dolor en San Juan con enfoque personalizado.","robots":{"index":"index","follow":"follow","max-snippet":"max-snippet:-1","max-image-preview":"max-image-preview:large","max-video-preview":"max-video-preview:-1"},"canonical":"https:\/\/lapiccenterpr.com\/en\/sobre-nosotros\/","og_locale":"en_US","og_type":"article","og_title":"Sobre LAPIC Center | Expertos en manejo del dolor en San Juan","og_description":"LAPIC Center, cl\u00ednica fundada en 2008 por la Dra. Aurea Negr\u00f3n. Especialistas en manejo del dolor en San Juan con enfoque personalizado.","og_url":"https:\/\/lapiccenterpr.com\/en\/sobre-nosotros\/","og_site_name":"LAPIC - Las Am\u00e9ricas Pain Interventional Center","article_publisher":"https:\/\/www.facebook.com\/LapicCenter","article_modified_time":"2025-09-30T15:18:10+00:00","og_image":[{"width":163,"height":126,"url":"https:\/\/lapiccenterpr.com\/wp-content\/uploads\/2024\/01\/LAPIC-LOGO.webp","type":"image\/webp"}],"twitter_card":"summary_large_image","twitter_title":"Sobre LAPIC Center | Expertos en manejo del dolor en San Juan","twitter_description":"LAPIC Center, cl\u00ednica fundada en 2008 por la Dra. Aurea Negr\u00f3n. Especialistas en manejo del dolor en San Juan con enfoque personalizado.","twitter_misc":{"Est. reading time":"1 minute"},"schema":{"@context":"https:\/\/schema.org","@graph":[{"@type":"WebPage","@id":"https:\/\/lapiccenterpr.com\/sobre-nosotros\/","url":"https:\/\/lapiccenterpr.com\/sobre-nosotros\/","name":"Sobre LAPIC Center | Expertos en manejo del dolor en San Juan","isPartOf":{"@id":"https:\/\/lapiccenterpr.com\/#website"},"datePublished":"2024-02-01T13:43:15+00:00","dateModified":"2025-09-30T15:18:10+00:00","description":"LAPIC Center, cl\u00ednica fundada en 2008 por la Dra. Aurea Negr\u00f3n. Especialistas en manejo del dolor en San Juan con enfoque personalizado.","breadcrumb":{"@id":"https:\/\/lapiccenterpr.com\/sobre-nosotros\/#breadcrumb"},"inLanguage":"en-US","potentialAction":[{"@type":"ReadAction","target":["https:\/\/lapiccenterpr.com\/sobre-nosotros\/"]}]},{"@type":"BreadcrumbList","@id":"https:\/\/lapiccenterpr.com\/sobre-nosotros\/#breadcrumb","itemListElement":[{"@type":"ListItem","position":1,"name":"Home","item":"https:\/\/lapiccenterpr.com\/"},{"@type":"ListItem","position":2,"name":"Sobre Nosotros"}]},{"@type":"WebSite","@id":"https:\/\/lapiccenterpr.com\/#website","url":"https:\/\/lapiccenterpr.com\/","name":"LAPIC - Las Am\u00e9ricas Pain Interventional Center","description":"Centro especializado en el manejo del dolor agudo y cr\u00f3nico","publisher":{"@id":"https:\/\/lapiccenterpr.com\/#organization"},"alternateName":"LAPIC - Las Am\u00e9ricas Pain Interventional Center - Dra. Aurea T. Negr\u00f3n Valc\u00e1rcel","potentialAction":[{"@type":"SearchAction","target":{"@type":"EntryPoint","urlTemplate":"https:\/\/lapiccenterpr.com\/?s={search_term_string}"},"query-input":{"@type":"PropertyValueSpecification","valueRequired":true,"valueName":"search_term_string"}}],"inLanguage":"en-US"},{"@type":"Organization","@id":"https:\/\/lapiccenterpr.com\/#organization","name":"LAPIC - Las Am\u00e9ricas Pain Interventional Center","alternateName":"LAPIC - Las Am\u00e9ricas Pain Interventional Center - Dra. Aurea T. Negr\u00f3n Valc\u00e1rcel","url":"https:\/\/lapiccenterpr.com\/","logo":{"@type":"ImageObject","inLanguage":"en-US","@id":"https:\/\/lapiccenterpr.com\/#\/schema\/logo\/image\/","url":"https:\/\/lapiccenterpr.com\/wp-content\/uploads\/2024\/01\/LAPIC-LOGO.webp","contentUrl":"https:\/\/lapiccenterpr.com\/wp-content\/uploads\/2024\/01\/LAPIC-LOGO.webp","width":163,"height":126,"caption":"LAPIC - Las Am\u00e9ricas Pain Interventional Center"},"image":{"@id":"https:\/\/lapiccenterpr.com\/#\/schema\/logo\/image\/"},"sameAs":["https:\/\/www.facebook.com\/LapicCenter"]}]}},"_links":{"self":[{"href":"https:\/\/lapiccenterpr.com\/en\/wp-json\/wp\/v2\/pages\/69","targetHints":{"allow":["GET"]}}],"collection":[{"href":"https:\/\/lapiccenterpr.com\/en\/wp-json\/wp\/v2\/pages"}],"about":[{"href":"https:\/\/lapiccenterpr.com\/en\/wp-json\/wp\/v2\/types\/page"}],"author":[{"embeddable":true,"href":"https:\/\/lapiccenterpr.com\/en\/wp-json\/wp\/v2\/users\/1"}],"replies":[{"embeddable":true,"href":"https:\/\/lapiccenterpr.com\/en\/wp-json\/wp\/v2\/comments?post=69"}],"version-history":[{"count":4,"href":"https:\/\/lapiccenterpr.com\/en\/wp-json\/wp\/v2\/pages\/69\/revisions"}],"predecessor-version":[{"id":760,"href":"https:\/\/lapiccenterpr.com\/en\/wp-json\/wp\/v2\/pages\/69\/revisions\/760"}],"wp:attachment":[{"href":"https:\/\/lapiccenterpr.com\/en\/wp-json\/wp\/v2\/media?parent=69"}],"curies":[{"name":"wp","href":"https:\/\/api.w.org\/{rel}","templated":true}]}}